{"id":5629,"date":"2024-01-18T16:11:24","date_gmt":"2024-01-18T16:11:24","guid":{"rendered":"https:\/\/www.dekkenmachinery.com\/impressao-2\/"},"modified":"2024-01-18T16:11:24","modified_gmt":"2024-01-18T16:11:24","slug":"impressao-2","status":"publish","type":"page","link":"https:\/\/dekkenmachinery.com\/pt-pt\/impressao-2\/","title":{"rendered":"Impress\u00e3o"},"content":{"rendered":"\n<!-- Legal document generated by Complianz | GDPR\/CCPA Cookie Consent https:\/\/wordpress.org\/plugins\/complianz-gdpr -->\n<div id=\"cmplz-document\" class=\"cmplz-document impressum cmplz-document-all\"><p><i>Este imprint foi atualizado pela \u00faltima vez em Mar\u00e7o 5, 2025.<\/i><\/p><p class=\"cmplz-subtitle\">O propriet\u00e1rio deste site \u00e9:<\/p><p>Dekken SRL SRL<br>Euregiostrasse 1, 4700 Eupen, Belgium<br>B\u00e9lgica<br>E-mail:&nbsp;&#105;n&#102;&#111;&#064;d&#101;kke&#110;mach&#105;&#110;&#101;&#114;&#121;&#046;&#099;&#111;&#109;<br>Telefone: +32 483 00 79 79<br>NIF:&nbsp;BE0832589305<\/p><p class=\"cmplz-subtitle\">O(s) representante(s) legal(is) de Dekken SRL SRL:<\/p><p>Philippe Vasbinder<\/p><h2>1. Geral<\/h2><p class=\"cmplz-subtitle\">1.1 Estamos registados em AWEX sob a licen\u00e7a ou n\u00famero de registo:<\/p><p>BE0832589305<\/p><p class=\"cmplz-subtitle\">1.2 Exibimos servi\u00e7os ou produtos em nosso site, que exigem registo na seguinte associa\u00e7\u00e3o profissional:<\/p><p>AWEX<\/p><p>N\u00e3o estamos dispostos ou somos obrigados a participar de procedimentos de resolu\u00e7\u00e3o de lit\u00edgios perante um conselho de arbitragem de consumidores.<\/p><h2>2. As seguintes informa\u00e7\u00f5es a s\u00e3o obrigat\u00f3rias de acordo com a lei alem\u00e3.<\/h2><\/div>\n","protected":false},"excerpt":{"rendered":"","protected":false},"author":2,"featured_media":0,"parent":0,"menu_order":0,"comment_status":"closed","ping_status":"closed","template":"","meta":{"_acf_changed":false,"footnotes":""},"class_list":["post-5629","page","type-page","status-publish","hentry"],"acf":[],"yoast_head":"<!-- This site is optimized with the Yoast SEO plugin v24.6 - https:\/\/yoast.com\/wordpress\/plugins\/seo\/ -->\n<title>Impress\u00e3o - Dekken Machinery<\/title>\n<meta name=\"robots\" content=\"index, follow, max-snippet:-1, max-image-preview:large, max-video-preview:-1\" \/>\n<link rel=\"canonical\" href=\"https:\/\/dekkenmachinery.com\/imprint-2\/\" \/>\n<meta property=\"og:locale\" content=\"pt_PT\" \/>\n<meta property=\"og:type\" content=\"article\" \/>\n<meta property=\"og:title\" content=\"Impress\u00e3o - Dekken Machinery\" \/>\n<meta property=\"og:url\" content=\"https:\/\/dekkenmachinery.com\/imprint-2\/\" \/>\n<meta property=\"og:site_name\" content=\"Dekken Machinery\" \/>\n<meta name=\"twitter:card\" content=\"summary_large_image\" \/>\n<script type=\"application\/ld+json\" class=\"yoast-schema-graph\">{\"@context\":\"https:\/\/schema.org\",\"@graph\":[{\"@type\":\"WebPage\",\"@id\":\"https:\/\/dekkenmachinery.com\/imprint-2\/\",\"url\":\"https:\/\/dekkenmachinery.com\/imprint-2\/\",\"name\":\"Impress\u00e3o - Dekken Machinery\",\"isPartOf\":{\"@id\":\"https:\/\/dekkenmachinery.com\/#website\"},\"datePublished\":\"2024-01-18T16:11:24+00:00\",\"breadcrumb\":{\"@id\":\"https:\/\/dekkenmachinery.com\/imprint-2\/#breadcrumb\"},\"inLanguage\":\"pt-PT\",\"potentialAction\":[{\"@type\":\"ReadAction\",\"target\":[\"https:\/\/dekkenmachinery.com\/imprint-2\/\"]}]},{\"@type\":\"BreadcrumbList\",\"@id\":\"https:\/\/dekkenmachinery.com\/imprint-2\/#breadcrumb\",\"itemListElement\":[{\"@type\":\"ListItem\",\"position\":1,\"name\":\"Home\",\"item\":\"https:\/\/dekkenmachinery.com\/\"},{\"@type\":\"ListItem\",\"position\":2,\"name\":\"Impress\u00e3o\"}]},{\"@type\":\"WebSite\",\"@id\":\"https:\/\/dekkenmachinery.com\/#website\",\"url\":\"https:\/\/dekkenmachinery.com\/\",\"name\":\"Dekken Machinery\",\"description\":\"\",\"potentialAction\":[{\"@type\":\"SearchAction\",\"target\":{\"@type\":\"EntryPoint\",\"urlTemplate\":\"https:\/\/dekkenmachinery.com\/?s={search_term_string}\"},\"query-input\":{\"@type\":\"PropertyValueSpecification\",\"valueRequired\":true,\"valueName\":\"search_term_string\"}}],\"inLanguage\":\"pt-PT\"}]}<\/script>\n<!-- \/ Yoast SEO plugin. -->","yoast_head_json":{"title":"Impress\u00e3o - Dekken Machinery","robots":{"index":"index","follow":"follow","max-snippet":"max-snippet:-1","max-image-preview":"max-image-preview:large","max-video-preview":"max-video-preview:-1"},"canonical":"https:\/\/dekkenmachinery.com\/imprint-2\/","og_locale":"pt_PT","og_type":"article","og_title":"Impress\u00e3o - Dekken Machinery","og_url":"https:\/\/dekkenmachinery.com\/imprint-2\/","og_site_name":"Dekken Machinery","twitter_card":"summary_large_image","schema":{"@context":"https:\/\/schema.org","@graph":[{"@type":"WebPage","@id":"https:\/\/dekkenmachinery.com\/imprint-2\/","url":"https:\/\/dekkenmachinery.com\/imprint-2\/","name":"Impress\u00e3o - Dekken Machinery","isPartOf":{"@id":"https:\/\/dekkenmachinery.com\/#website"},"datePublished":"2024-01-18T16:11:24+00:00","breadcrumb":{"@id":"https:\/\/dekkenmachinery.com\/imprint-2\/#breadcrumb"},"inLanguage":"pt-PT","potentialAction":[{"@type":"ReadAction","target":["https:\/\/dekkenmachinery.com\/imprint-2\/"]}]},{"@type":"BreadcrumbList","@id":"https:\/\/dekkenmachinery.com\/imprint-2\/#breadcrumb","itemListElement":[{"@type":"ListItem","position":1,"name":"Home","item":"https:\/\/dekkenmachinery.com\/"},{"@type":"ListItem","position":2,"name":"Impress\u00e3o"}]},{"@type":"WebSite","@id":"https:\/\/dekkenmachinery.com\/#website","url":"https:\/\/dekkenmachinery.com\/","name":"Dekken Machinery","description":"","potentialAction":[{"@type":"SearchAction","target":{"@type":"EntryPoint","urlTemplate":"https:\/\/dekkenmachinery.com\/?s={search_term_string}"},"query-input":{"@type":"PropertyValueSpecification","valueRequired":true,"valueName":"search_term_string"}}],"inLanguage":"pt-PT"}]}},"_links":{"self":[{"href":"https:\/\/dekkenmachinery.com\/pt-pt\/wp-json\/wp\/v2\/pages\/5629","targetHints":{"allow":["GET"]}}],"collection":[{"href":"https:\/\/dekkenmachinery.com\/pt-pt\/wp-json\/wp\/v2\/pages"}],"about":[{"href":"https:\/\/dekkenmachinery.com\/pt-pt\/wp-json\/wp\/v2\/types\/page"}],"author":[{"embeddable":true,"href":"https:\/\/dekkenmachinery.com\/pt-pt\/wp-json\/wp\/v2\/users\/2"}],"replies":[{"embeddable":true,"href":"https:\/\/dekkenmachinery.com\/pt-pt\/wp-json\/wp\/v2\/comments?post=5629"}],"version-history":[{"count":0,"href":"https:\/\/dekkenmachinery.com\/pt-pt\/wp-json\/wp\/v2\/pages\/5629\/revisions"}],"wp:attachment":[{"href":"https:\/\/dekkenmachinery.com\/pt-pt\/wp-json\/wp\/v2\/media?parent=5629"}],"curies":[{"name":"wp","href":"https:\/\/api.w.org\/{rel}","templated":true}]}}