{"id":2128,"date":"2023-02-23T21:19:58","date_gmt":"2023-02-23T20:19:58","guid":{"rendered":"http:\/\/dekkensandbox.websitesobre-nos\/"},"modified":"2024-02-14T13:29:24","modified_gmt":"2024-02-14T12:29:24","slug":"sobre-nos","status":"publish","type":"page","link":"https:\/\/dekkenmachinery.com\/pt-pt\/sobre-nos\/","title":{"rendered":"Sobre n\u00f3s"},"content":{"rendered":"\t\t<div data-elementor-type=\"wp-page\" data-elementor-id=\"2128\" class=\"elementor elementor-2128 elementor-9\" data-elementor-post-type=\"page\">\n\t\t\t\t\t\t<section class=\"elementor-section elementor-top-section elementor-element elementor-element-9e56542 elementor-section-boxed elementor-section-height-default elementor-section-height-default\" data-id=\"9e56542\" data-element_type=\"section\" data-settings=\"{&quot;background_background&quot;:&quot;classic&quot;}\">\n\t\t\t\t\t\t<div class=\"elementor-container elementor-column-gap-default\">\n\t\t\t\t\t<div class=\"elementor-column elementor-col-50 elementor-top-column elementor-element elementor-element-32baeeb\" data-id=\"32baeeb\" data-element_type=\"column\">\n\t\t\t<div class=\"elementor-widget-wrap elementor-element-populated\">\n\t\t\t\t\t\t<div class=\"elementor-element elementor-element-46c3da9 elementor-invisible elementor-widget elementor-widget-heading\" data-id=\"46c3da9\" data-element_type=\"widget\" data-settings=\"{&quot;_animation&quot;:&quot;fadeInLeft&quot;}\" data-widget_type=\"heading.default\">\n\t\t\t\t<div class=\"elementor-widget-container\">\n\t\t\t\t\t<h2 class=\"elementor-heading-title elementor-size-default\">O seu especialista em solu\u00e7\u00f5es de dobragem para a ind\u00fastria t\u00eaxtil<\/h2>\t\t\t\t<\/div>\n\t\t\t\t<\/div>\n\t\t\t\t<div class=\"elementor-element elementor-element-7686c41 elementor-invisible elementor-widget elementor-widget-text-editor\" data-id=\"7686c41\" data-element_type=\"widget\" data-settings=\"{&quot;_animation&quot;:&quot;fadeInRight&quot;}\" data-widget_type=\"text-editor.default\">\n\t\t\t\t<div class=\"elementor-widget-container\">\n\t\t\t\t\t\t\t\t\t<p><span style=\"color: rgb(2, 165, 234);\">Temos mais de 30 anos de experi\u00eancia na conce\u00e7\u00e3o e fabrico de equipamento t\u00eaxtil. Isto permite-nos servir uma vasta gama de clientes numa variedade de ind\u00fastrias.<\/span><\/p>\n<p>Concebemos e fabricamos equipamentos de embalagem t\u00eaxtil altamente especializados a um pre\u00e7o razo\u00e1vel sem comprometer a qualidade. Todos os nossos produtos s\u00e3o concebidos para uma manuten\u00e7\u00e3o reduzida, de modo a manter os custos baixos e o tempo de funcionamento elevado.<\/p><p>O nosso objetivo \u00e9 proporcionar aos nossos clientes a melhor experi\u00eancia poss\u00edvel e garantir que ficam satisfeitos com o seu equipamento durante muito tempo.<\/p>\t\t\t\t\t\t\t\t<\/div>\n\t\t\t\t<\/div>\n\t\t\t\t<section class=\"elementor-section elementor-inner-section elementor-element elementor-element-84aa636 elementor-section-boxed elementor-section-height-default elementor-section-height-default\" data-id=\"84aa636\" data-element_type=\"section\">\n\t\t\t\t\t\t<div class=\"elementor-container elementor-column-gap-default\">\n\t\t\t\t\t<div class=\"elementor-column elementor-col-50 elementor-inner-column elementor-element elementor-element-d411387\" data-id=\"d411387\" data-element_type=\"column\">\n\t\t\t<div class=\"elementor-widget-wrap elementor-element-populated\">\n\t\t\t\t\t\t<div class=\"elementor-element elementor-element-bba0844 elementor-position-left elementor-vertical-align-top elementor-widget elementor-widget-image-box\" data-id=\"bba0844\" data-element_type=\"widget\" data-widget_type=\"image-box.default\">\n\t\t\t\t<div class=\"elementor-widget-container\">\n\t\t\t\t\t<div class=\"elementor-image-box-wrapper\"><figure class=\"elementor-image-box-img\"><img decoding=\"async\" width=\"40\" height=\"47\" src=\"https:\/\/dekkenmachinery.com\/wp-content\/uploads\/2023\/02\/icon-hexa-2.png\" class=\"attachment-full size-full wp-image-1740\" alt=\"\" \/><\/figure><div class=\"elementor-image-box-content\"><div class=\"elementor-image-box-title\">A nossa miss\u00e3o<\/div><p class=\"elementor-image-box-description\">Fornecer o equipamento mais fi\u00e1vel, flex\u00edvel e f\u00e1cil de utilizar do mercado, pensando fora da caixa e desafiando o atual estado da arte.<\/p><\/div><\/div>\t\t\t\t<\/div>\n\t\t\t\t<\/div>\n\t\t\t\t\t<\/div>\n\t\t<\/div>\n\t\t\t\t<div class=\"elementor-column elementor-col-50 elementor-inner-column elementor-element elementor-element-a62c0ca\" data-id=\"a62c0ca\" data-element_type=\"column\">\n\t\t\t<div class=\"elementor-widget-wrap elementor-element-populated\">\n\t\t\t\t\t\t<div class=\"elementor-element elementor-element-496ce2d elementor-position-left elementor-vertical-align-top elementor-widget elementor-widget-image-box\" data-id=\"496ce2d\" data-element_type=\"widget\" data-widget_type=\"image-box.default\">\n\t\t\t\t<div class=\"elementor-widget-container\">\n\t\t\t\t\t<div class=\"elementor-image-box-wrapper\"><figure class=\"elementor-image-box-img\"><img decoding=\"async\" width=\"41\" height=\"46\" src=\"https:\/\/dekkenmachinery.com\/wp-content\/uploads\/2023\/02\/icon-hexa-1.png\" class=\"attachment-full size-full wp-image-1736\" alt=\"\" \/><\/figure><div class=\"elementor-image-box-content\"><div class=\"elementor-image-box-title\">A nossa vis\u00e3o<\/div><p class=\"elementor-image-box-description\">Para transformar as tarefas de manuseamento, dobragem, ensacamento e etiquetagem de um fardo numa parte eficiente de qualquer neg\u00f3cio, permitindo que todos se concentrem naquilo que fazem melhor.<\/p><\/div><\/div>\t\t\t\t<\/div>\n\t\t\t\t<\/div>\n\t\t\t\t\t<\/div>\n\t\t<\/div>\n\t\t\t\t\t<\/div>\n\t\t<\/section>\n\t\t\t\t\t<\/div>\n\t\t<\/div>\n\t\t\t\t<div class=\"elementor-column elementor-col-50 elementor-top-column elementor-element elementor-element-8555d9d\" data-id=\"8555d9d\" data-element_type=\"column\">\n\t\t\t<div class=\"elementor-widget-wrap elementor-element-populated\">\n\t\t\t\t\t\t<div class=\"elementor-element elementor-element-821a6b6 elementor-widget elementor-widget-image\" data-id=\"821a6b6\" data-element_type=\"widget\" data-widget_type=\"image.default\">\n\t\t\t\t<div class=\"elementor-widget-container\">\n\t\t\t\t\t\t\t\t\t\t\t\t\t\t\t<img fetchpriority=\"high\" decoding=\"async\" width=\"642\" height=\"550\" src=\"https:\/\/dekkenmachinery.com\/wp-content\/uploads\/2023\/12\/Dekken_AboutUs.jpg\" class=\"attachment-full size-full wp-image-2939\" alt=\"\" srcset=\"https:\/\/dekkenmachinery.com\/wp-content\/uploads\/2023\/12\/Dekken_AboutUs.jpg 642w, https:\/\/dekkenmachinery.com\/wp-content\/uploads\/2023\/12\/Dekken_AboutUs-300x257.jpg 300w\" sizes=\"(max-width: 642px) 100vw, 642px\" \/>\t\t\t\t\t\t\t\t\t\t\t\t\t\t\t<\/div>\n\t\t\t\t<\/div>\n\t\t\t\t\t<\/div>\n\t\t<\/div>\n\t\t\t\t\t<\/div>\n\t\t<\/section>\n\t\t\t\t<section class=\"elementor-section elementor-top-section elementor-element elementor-element-9327132 elementor-section-boxed elementor-section-height-default elementor-section-height-default\" data-id=\"9327132\" data-element_type=\"section\">\n\t\t\t\t\t\t<div class=\"elementor-container elementor-column-gap-default\">\n\t\t\t\t\t<div class=\"elementor-column elementor-col-100 elementor-top-column elementor-element elementor-element-fc4bbd1\" data-id=\"fc4bbd1\" data-element_type=\"column\">\n\t\t\t<div class=\"elementor-widget-wrap elementor-element-populated\">\n\t\t\t\t\t\t<div class=\"elementor-element elementor-element-37fb886 elementor-invisible elementor-widget elementor-widget-heading\" data-id=\"37fb886\" data-element_type=\"widget\" data-settings=\"{&quot;_animation&quot;:&quot;fadeInLeft&quot;}\" data-widget_type=\"heading.default\">\n\t\t\t\t<div class=\"elementor-widget-container\">\n\t\t\t\t\t<h2 class=\"elementor-heading-title elementor-size-default\">Os nossos produtos tornam as empresas de todo o mundo mais eficientes<\/h2>\t\t\t\t<\/div>\n\t\t\t\t<\/div>\n\t\t\t\t<section class=\"elementor-section elementor-inner-section elementor-element elementor-element-b068d29 elementor-section-content-middle elementor-section-boxed elementor-section-height-default elementor-section-height-default\" data-id=\"b068d29\" data-element_type=\"section\">\n\t\t\t\t\t\t<div class=\"elementor-container elementor-column-gap-default\">\n\t\t\t\t\t<div class=\"elementor-column elementor-col-50 elementor-inner-column elementor-element elementor-element-b74e96f\" data-id=\"b74e96f\" data-element_type=\"column\">\n\t\t\t<div class=\"elementor-widget-wrap elementor-element-populated\">\n\t\t\t\t\t\t<div class=\"elementor-element elementor-element-617787f products-delivered-count elementor-widget elementor-widget-counter\" data-id=\"617787f\" data-element_type=\"widget\" data-widget_type=\"counter.default\">\n\t\t\t\t<div class=\"elementor-widget-container\">\n\t\t\t\t\t\t\t<div class=\"elementor-counter\">\n\t\t\t<div class=\"elementor-counter-title\">Pa\u00edses distribu\u00eddos<\/div>\t\t\t<div class=\"elementor-counter-number-wrapper\">\n\t\t\t\t<span class=\"elementor-counter-number-prefix\"><\/span>\n\t\t\t\t<span class=\"elementor-counter-number\" data-duration=\"2000\" data-to-value=\"50\" data-from-value=\"0\" data-delimiter=\",\">0<\/span>\n\t\t\t\t<span class=\"elementor-counter-number-suffix\">+<\/span>\n\t\t\t<\/div>\n\t\t<\/div>\n\t\t\t\t\t\t<\/div>\n\t\t\t\t<\/div>\n\t\t\t\t\t<\/div>\n\t\t<\/div>\n\t\t\t\t<div class=\"elementor-column elementor-col-50 elementor-inner-column elementor-element elementor-element-67850c3\" data-id=\"67850c3\" data-element_type=\"column\">\n\t\t\t<div class=\"elementor-widget-wrap elementor-element-populated\">\n\t\t\t\t\t\t<div class=\"elementor-element elementor-element-7e6a0ac elementor-widget elementor-widget-text-editor\" data-id=\"7e6a0ac\" data-element_type=\"widget\" data-widget_type=\"text-editor.default\">\n\t\t\t\t<div class=\"elementor-widget-container\">\n\t\t\t\t\t\t\t\t\t<p><span style=\"color: var( --e-global-color-text ); font-size: 1rem;\">Todos os nossos produtos s\u00e3o concebidos para serem f\u00e1ceis de instalar. Os custos de manuten\u00e7\u00e3o s\u00e3o muito reduzidos gra\u00e7as aos nossos muitos anos de experi\u00eancia, \u00e0s concep\u00e7\u00f5es optimizadas e \u00e0 sele\u00e7\u00e3o de componentes de alta qualidade.<\/span><\/p>\n\t\t\t\t\t\t\t\t<\/div>\n\t\t\t\t<\/div>\n\t\t\t\t\t<\/div>\n\t\t<\/div>\n\t\t\t\t\t<\/div>\n\t\t<\/section>\n\t\t\t\t\t<\/div>\n\t\t<\/div>\n\t\t\t\t\t<\/div>\n\t\t<\/section>\n\t\t\t\t<section class=\"elementor-section elementor-top-section elementor-element elementor-element-25ea9c3 elementor-section-boxed elementor-section-height-default elementor-section-height-default\" data-id=\"25ea9c3\" data-element_type=\"section\">\n\t\t\t\t\t\t<div class=\"elementor-container elementor-column-gap-default\">\n\t\t\t\t\t<div class=\"elementor-column elementor-col-100 elementor-top-column elementor-element elementor-element-e8deb9f\" data-id=\"e8deb9f\" data-element_type=\"column\">\n\t\t\t<div class=\"elementor-widget-wrap elementor-element-populated\">\n\t\t\t\t\t\t<div class=\"elementor-element elementor-element-6e31d25 elementor-widget elementor-widget-image\" data-id=\"6e31d25\" data-element_type=\"widget\" data-widget_type=\"image.default\">\n\t\t\t\t<div class=\"elementor-widget-container\">\n\t\t\t\t\t\t\t\t\t\t\t\t\t\t\t<img loading=\"lazy\" decoding=\"async\" width=\"759\" height=\"374\" src=\"https:\/\/dekkenmachinery.com\/wp-content\/uploads\/2023\/02\/map-transparent.png\" class=\"attachment-large size-large wp-image-1744\" alt=\"\" srcset=\"https:\/\/dekkenmachinery.com\/wp-content\/uploads\/2023\/02\/map-transparent.png 759w, https:\/\/dekkenmachinery.com\/wp-content\/uploads\/2023\/02\/map-transparent-300x148.png 300w\" sizes=\"(max-width: 759px) 100vw, 759px\" \/>\t\t\t\t\t\t\t\t\t\t\t\t\t\t\t<\/div>\n\t\t\t\t<\/div>\n\t\t\t\t\t<\/div>\n\t\t<\/div>\n\t\t\t\t\t<\/div>\n\t\t<\/section>\n\t\t\t\t<\/div>\n\t\t","protected":false},"excerpt":{"rendered":"<p>O seu especialista em solu\u00e7\u00f5es de dobragem para a ind\u00fastria t\u00eaxtil Temos mais de 30 anos de experi\u00eancia na conce\u00e7\u00e3o e fabrico de equipamento t\u00eaxtil. Isto permite-nos servir uma vasta gama de clientes numa variedade de ind\u00fastrias. Concebemos e fabricamos equipamentos de embalagem t\u00eaxtil altamente especializados a um pre\u00e7o razo\u00e1vel sem comprometer a qualidade. Todos [&hellip;]<\/p>\n","protected":false},"author":2,"featured_media":0,"parent":0,"menu_order":0,"comment_status":"closed","ping_status":"closed","template":"elementor_header_footer","meta":{"_acf_changed":false,"footnotes":""},"class_list":["post-2128","page","type-page","status-publish","hentry"],"acf":[],"yoast_head":"<!-- This site is optimized with the Yoast SEO plugin v24.6 - https:\/\/yoast.com\/wordpress\/plugins\/seo\/ -->\n<title>Sobre n\u00f3s - Dekken Machinery<\/title>\n<meta name=\"robots\" content=\"index, follow, max-snippet:-1, max-image-preview:large, max-video-preview:-1\" \/>\n<link rel=\"canonical\" href=\"https:\/\/dekkenmachinery.com\/pt-pt\/sobre-nos\/\" \/>\n<meta property=\"og:locale\" content=\"pt_PT\" \/>\n<meta property=\"og:type\" content=\"article\" \/>\n<meta property=\"og:title\" content=\"Sobre n\u00f3s - Dekken Machinery\" \/>\n<meta property=\"og:description\" content=\"O seu especialista em solu\u00e7\u00f5es de dobragem para a ind\u00fastria t\u00eaxtil Temos mais de 30 anos de experi\u00eancia na conce\u00e7\u00e3o e fabrico de equipamento t\u00eaxtil. Isto permite-nos servir uma vasta gama de clientes numa variedade de ind\u00fastrias. Concebemos e fabricamos equipamentos de embalagem t\u00eaxtil altamente especializados a um pre\u00e7o razo\u00e1vel sem comprometer a qualidade. Todos [&hellip;]\" \/>\n<meta property=\"og:url\" content=\"https:\/\/dekkenmachinery.com\/pt-pt\/sobre-nos\/\" \/>\n<meta property=\"og:site_name\" content=\"Dekken Machinery\" \/>\n<meta property=\"article:modified_time\" content=\"2024-02-14T12:29:24+00:00\" \/>\n<meta property=\"og:image\" content=\"https:\/\/dekkenmachinery.com\/wp-content\/uploads\/2023\/02\/icon-hexa-2.png\" \/>\n<meta name=\"twitter:card\" content=\"summary_large_image\" \/>\n<meta name=\"twitter:label1\" content=\"Tempo estimado de leitura\" \/>\n\t<meta name=\"twitter:data1\" content=\"1 minuto\" \/>\n<script type=\"application\/ld+json\" class=\"yoast-schema-graph\">{\"@context\":\"https:\/\/schema.org\",\"@graph\":[{\"@type\":\"WebPage\",\"@id\":\"https:\/\/dekkenmachinery.com\/pt-pt\/sobre-nos\/\",\"url\":\"https:\/\/dekkenmachinery.com\/pt-pt\/sobre-nos\/\",\"name\":\"Sobre n\u00f3s - Dekken Machinery\",\"isPartOf\":{\"@id\":\"https:\/\/dekkenmachinery.com\/#website\"},\"primaryImageOfPage\":{\"@id\":\"https:\/\/dekkenmachinery.com\/pt-pt\/sobre-nos\/#primaryimage\"},\"image\":{\"@id\":\"https:\/\/dekkenmachinery.com\/pt-pt\/sobre-nos\/#primaryimage\"},\"thumbnailUrl\":\"https:\/\/dekkenmachinery.com\/wp-content\/uploads\/2023\/02\/icon-hexa-2.png\",\"datePublished\":\"2023-02-23T20:19:58+00:00\",\"dateModified\":\"2024-02-14T12:29:24+00:00\",\"breadcrumb\":{\"@id\":\"https:\/\/dekkenmachinery.com\/pt-pt\/sobre-nos\/#breadcrumb\"},\"inLanguage\":\"pt-PT\",\"potentialAction\":[{\"@type\":\"ReadAction\",\"target\":[\"https:\/\/dekkenmachinery.com\/pt-pt\/sobre-nos\/\"]}]},{\"@type\":\"ImageObject\",\"inLanguage\":\"pt-PT\",\"@id\":\"https:\/\/dekkenmachinery.com\/pt-pt\/sobre-nos\/#primaryimage\",\"url\":\"https:\/\/dekkenmachinery.com\/wp-content\/uploads\/2023\/02\/icon-hexa-2.png\",\"contentUrl\":\"https:\/\/dekkenmachinery.com\/wp-content\/uploads\/2023\/02\/icon-hexa-2.png\"},{\"@type\":\"BreadcrumbList\",\"@id\":\"https:\/\/dekkenmachinery.com\/pt-pt\/sobre-nos\/#breadcrumb\",\"itemListElement\":[{\"@type\":\"ListItem\",\"position\":1,\"name\":\"Home\",\"item\":\"https:\/\/dekkenmachinery.com\/\"},{\"@type\":\"ListItem\",\"position\":2,\"name\":\"Sobre n\u00f3s\"}]},{\"@type\":\"WebSite\",\"@id\":\"https:\/\/dekkenmachinery.com\/#website\",\"url\":\"https:\/\/dekkenmachinery.com\/\",\"name\":\"Dekken Machinery\",\"description\":\"\",\"potentialAction\":[{\"@type\":\"SearchAction\",\"target\":{\"@type\":\"EntryPoint\",\"urlTemplate\":\"https:\/\/dekkenmachinery.com\/?s={search_term_string}\"},\"query-input\":{\"@type\":\"PropertyValueSpecification\",\"valueRequired\":true,\"valueName\":\"search_term_string\"}}],\"inLanguage\":\"pt-PT\"}]}<\/script>\n<!-- \/ Yoast SEO plugin. -->","yoast_head_json":{"title":"Sobre n\u00f3s - Dekken Machinery","robots":{"index":"index","follow":"follow","max-snippet":"max-snippet:-1","max-image-preview":"max-image-preview:large","max-video-preview":"max-video-preview:-1"},"canonical":"https:\/\/dekkenmachinery.com\/pt-pt\/sobre-nos\/","og_locale":"pt_PT","og_type":"article","og_title":"Sobre n\u00f3s - Dekken Machinery","og_description":"O seu especialista em solu\u00e7\u00f5es de dobragem para a ind\u00fastria t\u00eaxtil Temos mais de 30 anos de experi\u00eancia na conce\u00e7\u00e3o e fabrico de equipamento t\u00eaxtil. Isto permite-nos servir uma vasta gama de clientes numa variedade de ind\u00fastrias. Concebemos e fabricamos equipamentos de embalagem t\u00eaxtil altamente especializados a um pre\u00e7o razo\u00e1vel sem comprometer a qualidade. Todos [&hellip;]","og_url":"https:\/\/dekkenmachinery.com\/pt-pt\/sobre-nos\/","og_site_name":"Dekken Machinery","article_modified_time":"2024-02-14T12:29:24+00:00","og_image":[{"url":"https:\/\/dekkenmachinery.com\/wp-content\/uploads\/2023\/02\/icon-hexa-2.png","type":"","width":"","height":""}],"twitter_card":"summary_large_image","twitter_misc":{"Tempo estimado de leitura":"1 minuto"},"schema":{"@context":"https:\/\/schema.org","@graph":[{"@type":"WebPage","@id":"https:\/\/dekkenmachinery.com\/pt-pt\/sobre-nos\/","url":"https:\/\/dekkenmachinery.com\/pt-pt\/sobre-nos\/","name":"Sobre n\u00f3s - Dekken Machinery","isPartOf":{"@id":"https:\/\/dekkenmachinery.com\/#website"},"primaryImageOfPage":{"@id":"https:\/\/dekkenmachinery.com\/pt-pt\/sobre-nos\/#primaryimage"},"image":{"@id":"https:\/\/dekkenmachinery.com\/pt-pt\/sobre-nos\/#primaryimage"},"thumbnailUrl":"https:\/\/dekkenmachinery.com\/wp-content\/uploads\/2023\/02\/icon-hexa-2.png","datePublished":"2023-02-23T20:19:58+00:00","dateModified":"2024-02-14T12:29:24+00:00","breadcrumb":{"@id":"https:\/\/dekkenmachinery.com\/pt-pt\/sobre-nos\/#breadcrumb"},"inLanguage":"pt-PT","potentialAction":[{"@type":"ReadAction","target":["https:\/\/dekkenmachinery.com\/pt-pt\/sobre-nos\/"]}]},{"@type":"ImageObject","inLanguage":"pt-PT","@id":"https:\/\/dekkenmachinery.com\/pt-pt\/sobre-nos\/#primaryimage","url":"https:\/\/dekkenmachinery.com\/wp-content\/uploads\/2023\/02\/icon-hexa-2.png","contentUrl":"https:\/\/dekkenmachinery.com\/wp-content\/uploads\/2023\/02\/icon-hexa-2.png"},{"@type":"BreadcrumbList","@id":"https:\/\/dekkenmachinery.com\/pt-pt\/sobre-nos\/#breadcrumb","itemListElement":[{"@type":"ListItem","position":1,"name":"Home","item":"https:\/\/dekkenmachinery.com\/"},{"@type":"ListItem","position":2,"name":"Sobre n\u00f3s"}]},{"@type":"WebSite","@id":"https:\/\/dekkenmachinery.com\/#website","url":"https:\/\/dekkenmachinery.com\/","name":"Dekken Machinery","description":"","potentialAction":[{"@type":"SearchAction","target":{"@type":"EntryPoint","urlTemplate":"https:\/\/dekkenmachinery.com\/?s={search_term_string}"},"query-input":{"@type":"PropertyValueSpecification","valueRequired":true,"valueName":"search_term_string"}}],"inLanguage":"pt-PT"}]}},"_links":{"self":[{"href":"https:\/\/dekkenmachinery.com\/pt-pt\/wp-json\/wp\/v2\/pages\/2128","targetHints":{"allow":["GET"]}}],"collection":[{"href":"https:\/\/dekkenmachinery.com\/pt-pt\/wp-json\/wp\/v2\/pages"}],"about":[{"href":"https:\/\/dekkenmachinery.com\/pt-pt\/wp-json\/wp\/v2\/types\/page"}],"author":[{"embeddable":true,"href":"https:\/\/dekkenmachinery.com\/pt-pt\/wp-json\/wp\/v2\/users\/2"}],"replies":[{"embeddable":true,"href":"https:\/\/dekkenmachinery.com\/pt-pt\/wp-json\/wp\/v2\/comments?post=2128"}],"version-history":[{"count":4,"href":"https:\/\/dekkenmachinery.com\/pt-pt\/wp-json\/wp\/v2\/pages\/2128\/revisions"}],"predecessor-version":[{"id":5965,"href":"https:\/\/dekkenmachinery.com\/pt-pt\/wp-json\/wp\/v2\/pages\/2128\/revisions\/5965"}],"wp:attachment":[{"href":"https:\/\/dekkenmachinery.com\/pt-pt\/wp-json\/wp\/v2\/media?parent=2128"}],"curies":[{"name":"wp","href":"https:\/\/api.w.org\/{rel}","templated":true}]}}