{"id":2041,"date":"2023-02-24T09:13:07","date_gmt":"2023-02-24T09:13:07","guid":{"rendered":"http:\/\/dekkensandbox.websiteperguntas-frequentes\/"},"modified":"2023-05-04T12:07:25","modified_gmt":"2023-05-04T12:07:25","slug":"perguntas-frequentes","status":"publish","type":"page","link":"https:\/\/dekkenmachinery.com\/pt-pt\/perguntas-frequentes\/","title":{"rendered":"Perguntas frequentes"},"content":{"rendered":"\t\t<div data-elementor-type=\"wp-page\" data-elementor-id=\"2041\" class=\"elementor elementor-2041 elementor-69\" data-elementor-post-type=\"page\">\n\t\t\t\t\t\t<section class=\"elementor-section elementor-top-section elementor-element elementor-element-0cec0a7 elementor-section-boxed elementor-section-height-default elementor-section-height-default\" data-id=\"0cec0a7\" data-element_type=\"section\">\n\t\t\t\t\t\t<div class=\"elementor-container elementor-column-gap-default\">\n\t\t\t\t\t<div class=\"elementor-column elementor-col-100 elementor-top-column elementor-element elementor-element-e512d79\" data-id=\"e512d79\" data-element_type=\"column\">\n\t\t\t<div class=\"elementor-widget-wrap elementor-element-populated\">\n\t\t\t\t\t\t<div class=\"elementor-element elementor-element-c5629ca elementor-widget elementor-widget-elementskit-accordion\" data-id=\"c5629ca\" data-element_type=\"widget\" data-widget_type=\"elementskit-accordion.default\">\n\t\t\t\t<div class=\"elementor-widget-container\">\n\t\t\t\t\t<div class=\"ekit-wid-con\" >\n        <div class=\"elementskit-accordion accoedion-primary\" id=\"accordion-69e9051e55ec3\">\n\n            \n                <div class=\"elementskit-card active\">\n                    <div class=\"elementskit-card-header\" id=\"primaryHeading-0-c5629ca\">\n                        <a href=\"#collapse-724235569e9051e55ec3\" class=\"ekit-accordion--toggler elementskit-btn-link collapsed\" data-ekit-toggle=\"collapse\" data-target=\"#Collapse-724235569e9051e55ec3\" aria-expanded=\"true\" aria-controls=\"Collapse-724235569e9051e55ec3\">\n                            \n                            <span class=\"ekit-accordion-title\">O que significam os diferentes par\u00e2metros do variador Invertek Optidrive E3?<\/span>\n\n                            \n                                <div class=\"ekit_accordion_icon_group\">\n                                    <div class=\"ekit_accordion_normal_icon\">\n                                        <!-- Normal Icon -->\n\t\t\t\t\t\t\t\t\t\t<i class=\"icon icon-plus\"><\/i>                                    <\/div>\n\n                                    <div class=\"ekit_accordion_active_icon\">\n                                        <!-- Active Icon -->\n\t\t\t\t\t\t\t\t\t\t<i class=\"icon icon-minus\"><\/i>                                    <\/div>\n                                <\/div>\n\n                            \n                                                    <\/a>\n                    <\/div>\n\n                    <div id=\"Collapse-724235569e9051e55ec3\" class=\" show collapse\" aria-labelledby=\"primaryHeading-0-c5629ca\" data-parent=\"#accordion-69e9051e55ec3\">\n\n                        <div class=\"elementskit-card-body ekit-accordion--content\">\n                            <p><strong>O Optidrive E3 \u00e9 um componente que controla e gere a velocidade dos motores.<\/strong><\/p>\n<p>Para explicar as propriedades mais facilmente, temos um v\u00eddeo onde a Invertek explica os par\u00e2metros padr\u00e3o do Optidrive E3 e onde podem ser utilizados.  <\/p>\n<p><a href=\"https:\/\/youtu.be\/Rqjn6_JeOb8\">https:\/\/youtu.be\/Rqjn6_JeOb8<\/a><\/p>\n                        <\/div>\n\n                    <\/div>\n\n                <\/div><!-- .elementskit-card END -->\n\n                                        <\/div>\n    <\/div>\t\t\t\t<\/div>\n\t\t\t\t<\/div>\n\t\t\t\t\t<\/div>\n\t\t<\/div>\n\t\t\t\t\t<\/div>\n\t\t<\/section>\n\t\t\t\t<\/div>\n\t\t","protected":false},"excerpt":{"rendered":"<p>O que significam os diferentes par\u00e2metros do variador Invertek Optidrive E3? O Optidrive E3 \u00e9 um componente que controla e gere a velocidade dos motores. Para explicar as propriedades mais facilmente, temos um v\u00eddeo onde a Invertek explica os par\u00e2metros padr\u00e3o do Optidrive E3 e onde podem ser utilizados. https:\/\/youtu.be\/Rqjn6_JeOb8<\/p>\n","protected":false},"author":2,"featured_media":0,"parent":0,"menu_order":0,"comment_status":"closed","ping_status":"closed","template":"elementor_header_footer","meta":{"_acf_changed":false,"footnotes":""},"class_list":["post-2041","page","type-page","status-publish","hentry"],"acf":[],"yoast_head":"<!-- This site is optimized with the Yoast SEO plugin v24.6 - https:\/\/yoast.com\/wordpress\/plugins\/seo\/ -->\n<title>Perguntas frequentes - Dekken Machinery<\/title>\n<meta name=\"robots\" content=\"index, follow, max-snippet:-1, max-image-preview:large, max-video-preview:-1\" \/>\n<link rel=\"canonical\" href=\"https:\/\/dekkenmachinery.com\/faq\/\" \/>\n<meta property=\"og:locale\" content=\"pt_PT\" \/>\n<meta property=\"og:type\" content=\"article\" \/>\n<meta property=\"og:title\" content=\"Perguntas frequentes - Dekken Machinery\" \/>\n<meta property=\"og:description\" content=\"O que significam os diferentes par\u00e2metros do variador Invertek Optidrive E3? O Optidrive E3 \u00e9 um componente que controla e gere a velocidade dos motores. Para explicar as propriedades mais facilmente, temos um v\u00eddeo onde a Invertek explica os par\u00e2metros padr\u00e3o do Optidrive E3 e onde podem ser utilizados. https:\/\/youtu.be\/Rqjn6_JeOb8\" \/>\n<meta property=\"og:url\" content=\"https:\/\/dekkenmachinery.com\/faq\/\" \/>\n<meta property=\"og:site_name\" content=\"Dekken Machinery\" \/>\n<meta property=\"article:modified_time\" content=\"2023-05-04T12:07:25+00:00\" \/>\n<meta name=\"twitter:card\" content=\"summary_large_image\" \/>\n<script type=\"application\/ld+json\" class=\"yoast-schema-graph\">{\"@context\":\"https:\/\/schema.org\",\"@graph\":[{\"@type\":\"WebPage\",\"@id\":\"https:\/\/dekkenmachinery.com\/faq\/\",\"url\":\"https:\/\/dekkenmachinery.com\/faq\/\",\"name\":\"Perguntas frequentes - Dekken Machinery\",\"isPartOf\":{\"@id\":\"https:\/\/dekkenmachinery.com\/#website\"},\"datePublished\":\"2023-02-24T09:13:07+00:00\",\"dateModified\":\"2023-05-04T12:07:25+00:00\",\"breadcrumb\":{\"@id\":\"https:\/\/dekkenmachinery.com\/faq\/#breadcrumb\"},\"inLanguage\":\"pt-PT\",\"potentialAction\":[{\"@type\":\"ReadAction\",\"target\":[\"https:\/\/dekkenmachinery.com\/faq\/\"]}]},{\"@type\":\"BreadcrumbList\",\"@id\":\"https:\/\/dekkenmachinery.com\/faq\/#breadcrumb\",\"itemListElement\":[{\"@type\":\"ListItem\",\"position\":1,\"name\":\"Home\",\"item\":\"https:\/\/dekkenmachinery.com\/\"},{\"@type\":\"ListItem\",\"position\":2,\"name\":\"Perguntas frequentes\"}]},{\"@type\":\"WebSite\",\"@id\":\"https:\/\/dekkenmachinery.com\/#website\",\"url\":\"https:\/\/dekkenmachinery.com\/\",\"name\":\"Dekken Machinery\",\"description\":\"\",\"potentialAction\":[{\"@type\":\"SearchAction\",\"target\":{\"@type\":\"EntryPoint\",\"urlTemplate\":\"https:\/\/dekkenmachinery.com\/?s={search_term_string}\"},\"query-input\":{\"@type\":\"PropertyValueSpecification\",\"valueRequired\":true,\"valueName\":\"search_term_string\"}}],\"inLanguage\":\"pt-PT\"}]}<\/script>\n<!-- \/ Yoast SEO plugin. -->","yoast_head_json":{"title":"Perguntas frequentes - Dekken Machinery","robots":{"index":"index","follow":"follow","max-snippet":"max-snippet:-1","max-image-preview":"max-image-preview:large","max-video-preview":"max-video-preview:-1"},"canonical":"https:\/\/dekkenmachinery.com\/faq\/","og_locale":"pt_PT","og_type":"article","og_title":"Perguntas frequentes - Dekken Machinery","og_description":"O que significam os diferentes par\u00e2metros do variador Invertek Optidrive E3? O Optidrive E3 \u00e9 um componente que controla e gere a velocidade dos motores. Para explicar as propriedades mais facilmente, temos um v\u00eddeo onde a Invertek explica os par\u00e2metros padr\u00e3o do Optidrive E3 e onde podem ser utilizados. https:\/\/youtu.be\/Rqjn6_JeOb8","og_url":"https:\/\/dekkenmachinery.com\/faq\/","og_site_name":"Dekken Machinery","article_modified_time":"2023-05-04T12:07:25+00:00","twitter_card":"summary_large_image","schema":{"@context":"https:\/\/schema.org","@graph":[{"@type":"WebPage","@id":"https:\/\/dekkenmachinery.com\/faq\/","url":"https:\/\/dekkenmachinery.com\/faq\/","name":"Perguntas frequentes - Dekken Machinery","isPartOf":{"@id":"https:\/\/dekkenmachinery.com\/#website"},"datePublished":"2023-02-24T09:13:07+00:00","dateModified":"2023-05-04T12:07:25+00:00","breadcrumb":{"@id":"https:\/\/dekkenmachinery.com\/faq\/#breadcrumb"},"inLanguage":"pt-PT","potentialAction":[{"@type":"ReadAction","target":["https:\/\/dekkenmachinery.com\/faq\/"]}]},{"@type":"BreadcrumbList","@id":"https:\/\/dekkenmachinery.com\/faq\/#breadcrumb","itemListElement":[{"@type":"ListItem","position":1,"name":"Home","item":"https:\/\/dekkenmachinery.com\/"},{"@type":"ListItem","position":2,"name":"Perguntas frequentes"}]},{"@type":"WebSite","@id":"https:\/\/dekkenmachinery.com\/#website","url":"https:\/\/dekkenmachinery.com\/","name":"Dekken Machinery","description":"","potentialAction":[{"@type":"SearchAction","target":{"@type":"EntryPoint","urlTemplate":"https:\/\/dekkenmachinery.com\/?s={search_term_string}"},"query-input":{"@type":"PropertyValueSpecification","valueRequired":true,"valueName":"search_term_string"}}],"inLanguage":"pt-PT"}]}},"_links":{"self":[{"href":"https:\/\/dekkenmachinery.com\/pt-pt\/wp-json\/wp\/v2\/pages\/2041","targetHints":{"allow":["GET"]}}],"collection":[{"href":"https:\/\/dekkenmachinery.com\/pt-pt\/wp-json\/wp\/v2\/pages"}],"about":[{"href":"https:\/\/dekkenmachinery.com\/pt-pt\/wp-json\/wp\/v2\/types\/page"}],"author":[{"embeddable":true,"href":"https:\/\/dekkenmachinery.com\/pt-pt\/wp-json\/wp\/v2\/users\/2"}],"replies":[{"embeddable":true,"href":"https:\/\/dekkenmachinery.com\/pt-pt\/wp-json\/wp\/v2\/comments?post=2041"}],"version-history":[{"count":0,"href":"https:\/\/dekkenmachinery.com\/pt-pt\/wp-json\/wp\/v2\/pages\/2041\/revisions"}],"wp:attachment":[{"href":"https:\/\/dekkenmachinery.com\/pt-pt\/wp-json\/wp\/v2\/media?parent=2041"}],"curies":[{"name":"wp","href":"https:\/\/api.w.org\/{rel}","templated":true}]}}