{"id":3832,"date":"2023-12-13T09:27:35","date_gmt":"2023-12-13T08:27:35","guid":{"rendered":"https:\/\/dekkensandbox.website\/product\/t-stack\/"},"modified":"2024-01-21T19:39:55","modified_gmt":"2024-01-21T18:39:55","slug":"t-stack","status":"publish","type":"product","link":"https:\/\/dekkenmachinery.com\/fr\/product\/t-stack\/","title":{"rendered":"T-Stack"},"content":{"rendered":"\t\t<div data-elementor-type=\"wp-post\" data-elementor-id=\"3832\" class=\"elementor elementor-3832 elementor-3827\" data-elementor-post-type=\"product\">\n\t\t\t\t\t\t<section class=\"elementor-section elementor-top-section elementor-element elementor-element-893f2bf elementor-section-boxed elementor-section-height-default elementor-section-height-default\" data-id=\"893f2bf\" data-element_type=\"section\">\n\t\t\t\t\t\t<div class=\"elementor-container elementor-column-gap-default\">\n\t\t\t\t\t<div class=\"elementor-column elementor-col-50 elementor-top-column elementor-element elementor-element-1843380\" data-id=\"1843380\" data-element_type=\"column\">\n\t\t\t<div class=\"elementor-widget-wrap elementor-element-populated\">\n\t\t\t\t\t\t<div class=\"elementor-element elementor-element-45a886f elementor-widget elementor-widget-image\" data-id=\"45a886f\" data-element_type=\"widget\" data-widget_type=\"image.default\">\n\t\t\t\t<div class=\"elementor-widget-container\">\n\t\t\t\t\t\t\t\t\t\t\t\t\t\t\t<img fetchpriority=\"high\" decoding=\"async\" width=\"800\" height=\"527\" src=\"https:\/\/dekkenmachinery.com\/wp-content\/uploads\/2023\/12\/T-Stack_WebsiteThumbnail-1.png\" class=\"attachment-large size-large wp-image-3765\" alt=\"\" srcset=\"https:\/\/dekkenmachinery.com\/wp-content\/uploads\/2023\/12\/T-Stack_WebsiteThumbnail-1.png 1024w, https:\/\/dekkenmachinery.com\/wp-content\/uploads\/2023\/12\/T-Stack_WebsiteThumbnail-1-300x197.png 300w, https:\/\/dekkenmachinery.com\/wp-content\/uploads\/2023\/12\/T-Stack_WebsiteThumbnail-1-768x506.png 768w\" sizes=\"(max-width: 800px) 100vw, 800px\" \/>\t\t\t\t\t\t\t\t\t\t\t\t\t\t\t<\/div>\n\t\t\t\t<\/div>\n\t\t\t\t\t<\/div>\n\t\t<\/div>\n\t\t\t\t<div class=\"elementor-column elementor-col-50 elementor-top-column elementor-element elementor-element-99f86e0\" data-id=\"99f86e0\" data-element_type=\"column\">\n\t\t\t<div class=\"elementor-widget-wrap elementor-element-populated\">\n\t\t\t\t\t\t<div class=\"elementor-element elementor-element-bc7da66 elementor-widget elementor-widget-heading\" data-id=\"bc7da66\" data-element_type=\"widget\" data-widget_type=\"heading.default\">\n\t\t\t\t<div class=\"elementor-widget-container\">\n\t\t\t\t\t<h2 class=\"elementor-heading-title elementor-size-default\">T-Stack<\/h2>\t\t\t\t<\/div>\n\t\t\t\t<\/div>\n\t\t\t\t<div class=\"elementor-element elementor-element-818302f elementor-widget elementor-widget-text-editor\" data-id=\"818302f\" data-element_type=\"widget\" data-widget_type=\"text-editor.default\">\n\t\t\t\t<div class=\"elementor-widget-container\">\n\t\t\t\t\t\t\t\t\t<p>La T-Stack est une machine de pointe pour le pliage et l&#8217;empilage de petites pi\u00e8ces. La T-Stack est principalement con\u00e7u pour traiter des pi\u00e8ces telles que des serviettes, des gants de toilette, des serpilli\u00e8res de bar, des serpilli\u00e8res de nettoyage, des torchons de cuisine, des jeans, des pantalons ou toute autre pi\u00e8ce plate ayant des dimensions maximales de 700 x 500 mm. La T-Stack peut \u00eatre utilis\u00e9 comme unit\u00e9 autonome ou \u00eatre connect\u00e9 \u00e0 nos autres \u00e9quipements d&#8217;emballage pour servir de station d&#8217;empilage. La T-Stack est capable d&#8217;empiler des v\u00eatements pli\u00e9s et non pli\u00e9s.<\/p>\n\t\t\t\t\t\t\t\t<\/div>\n\t\t\t\t<\/div>\n\t\t\t\t<div class=\"elementor-element elementor-element-52b03ec elementor-align-left header-btn-color elementor-hidden-widescreen elementor-hidden-desktop elementor-hidden-laptop elementor-hidden-tablet elementor-hidden-mobile elementor-widget elementor-widget-button\" data-id=\"52b03ec\" data-element_type=\"widget\" data-widget_type=\"button.default\">\n\t\t\t\t<div class=\"elementor-widget-container\">\n\t\t\t\t\t\t\t\t\t<div class=\"elementor-button-wrapper\">\n\t\t\t\t\t<a class=\"elementor-button elementor-button-link elementor-size-sm elementor-animation-grow\" href=\"https:\/\/www.dekkenmachinery.com\/wp-content\/uploads\/2023\/12\/T-Apparel_Leaflet.pdf\" target=\"_blank\">\n\t\t\t\t\t\t<span class=\"elementor-button-content-wrapper\">\n\t\t\t\t\t\t<span class=\"elementor-button-icon\">\n\t\t\t\t<svg xmlns=\"http:\/\/www.w3.org\/2000\/svg\" width=\"8.041\" height=\"8.141\" viewBox=\"0 0 8.041 8.141\"><g id=\"Icon_feather-arrow-up-right\" data-name=\"Icon feather-arrow-up-right\" transform=\"translate(-7218.439 -749.179)\"><line id=\"Path_2\" data-name=\"Path 2\" x2=\"5.92\" y2=\"6.02\" transform=\"translate(7219.5 750.24)\" fill=\"none\" stroke=\"#fff\" stroke-linecap=\"round\" stroke-width=\"1.5\"><\/line><path id=\"Path_3\" data-name=\"Path 3\" d=\"M7220.985,756.264h4.434V752\" fill=\"none\" stroke=\"#fff\" stroke-linecap=\"round\" stroke-width=\"1.5\"><\/path><\/g><\/svg>\t\t\t<\/span>\n\t\t\t\t\t\t\t\t\t<span class=\"elementor-button-text\">T\u00c9L\u00c9CHARGER LE PROSPECT<\/span>\n\t\t\t\t\t<\/span>\n\t\t\t\t\t<\/a>\n\t\t\t\t<\/div>\n\t\t\t\t\t\t\t\t<\/div>\n\t\t\t\t<\/div>\n\t\t\t\t\t<\/div>\n\t\t<\/div>\n\t\t\t\t\t<\/div>\n\t\t<\/section>\n\t\t\t\t<section class=\"elementor-section elementor-top-section elementor-element elementor-element-3cc01e0 elementor-section-boxed elementor-section-height-default elementor-section-height-default\" data-id=\"3cc01e0\" data-element_type=\"section\">\n\t\t\t\t\t\t<div class=\"elementor-container elementor-column-gap-default\">\n\t\t\t\t\t<div class=\"elementor-column elementor-col-100 elementor-top-column elementor-element elementor-element-155cf54\" data-id=\"155cf54\" data-element_type=\"column\">\n\t\t\t<div class=\"elementor-widget-wrap elementor-element-populated\">\n\t\t\t\t\t\t<div class=\"elementor-element elementor-element-378a38a elementor-widget elementor-widget-jet-tabs\" data-id=\"378a38a\" data-element_type=\"widget\" data-settings=\"{&quot;tabs_position&quot;:&quot;top&quot;,&quot;no_active_tabs&quot;:&quot;false&quot;}\" data-widget_type=\"jet-tabs.default\">\n\t\t\t\t<div class=\"elementor-widget-container\">\n\t\t\t\t\t\n\t\t<div class=\"jet-tabs jet-tabs-position-top jet-tabs-move-up-effect \" data-settings=\"{&quot;activeIndex&quot;:0,&quot;event&quot;:&quot;click&quot;,&quot;autoSwitch&quot;:false,&quot;autoSwitchDelay&quot;:3000,&quot;ajaxTemplate&quot;:false,&quot;tabsPosition&quot;:&quot;top&quot;,&quot;switchScrolling&quot;:false,&quot;switchScrollingOffset&quot;:0}\">\n\t\t\t<div class=\"jet-tabs__control-wrapper \" role=\"tablist\">\n                                    <div id=\"jet-tabs-control-5821\" class=\"jet-tabs__control jet-tabs__control-icon-left elementor-menu-anchor active-tab \" data-tab=\"1\" tabindex=\"0\" role=\"tab\" aria-controls=\"jet-tabs-content-5821\" aria-expanded=\"true\" data-template-id=\"false\"><div class=\"jet-tabs__control-inner\"><div class=\"jet-tabs__label-text\">D\u00e9tails<\/div><\/div><\/div><div id=\"jet-tabs-control-5822\" class=\"jet-tabs__control jet-tabs__control-icon-left elementor-menu-anchor  \" data-tab=\"2\" tabindex=\"0\" role=\"tab\" aria-controls=\"jet-tabs-content-5822\" aria-expanded=\"false\" data-template-id=\"false\"><div class=\"jet-tabs__control-inner\"><div class=\"jet-tabs__label-text\">Sp\u00e9cifications techniques<\/div><\/div><\/div>\n                    \t\t\t    <\/div>\n\t\t\t<div class=\"jet-tabs__content-wrapper\">\n\t\t\t\t<div id=\"jet-tabs-content-5821\" class=\"jet-tabs__content active-content\" data-tab=\"1\" role=\"tabpanel\" aria-hidden=\"false\" data-template-id=\"false\">\t\t<div data-elementor-type=\"section\" data-elementor-id=\"4639\" class=\"elementor elementor-4639 elementor-3848\" data-elementor-post-type=\"elementor_library\">\n\t\t\t\t\t<section class=\"elementor-section elementor-top-section elementor-element elementor-element-10d1b3b9 elementor-section-boxed elementor-section-height-default elementor-section-height-default\" data-id=\"10d1b3b9\" data-element_type=\"section\">\n\t\t\t\t\t\t<div class=\"elementor-container elementor-column-gap-default\">\n\t\t\t\t\t<div class=\"elementor-column elementor-col-100 elementor-top-column elementor-element elementor-element-319a456f\" data-id=\"319a456f\" data-element_type=\"column\">\n\t\t\t<div class=\"elementor-widget-wrap elementor-element-populated\">\n\t\t\t\t\t\t<section class=\"elementor-section elementor-inner-section elementor-element elementor-element-5d09349 elementor-section-boxed elementor-section-height-default elementor-section-height-default\" data-id=\"5d09349\" data-element_type=\"section\">\n\t\t\t\t\t\t<div class=\"elementor-container elementor-column-gap-default\">\n\t\t\t\t\t<div class=\"elementor-column elementor-col-50 elementor-inner-column elementor-element elementor-element-5a52a699\" data-id=\"5a52a699\" data-element_type=\"column\">\n\t\t\t<div class=\"elementor-widget-wrap elementor-element-populated\">\n\t\t\t\t\t\t<div class=\"elementor-element elementor-element-f3c27c7 elementor-widget elementor-widget-text-editor\" data-id=\"f3c27c7\" data-element_type=\"widget\" data-widget_type=\"text-editor.default\">\n\t\t\t\t<div class=\"elementor-widget-container\">\n\t\t\t\t\t\t\t\t\t<p>La T-Stack peut compter, plier et empiler des pi\u00e8ces.<\/p>\n<p>Les produits sont achemin\u00e9s sur le convoyeur d&rsquo;alimentation ergonomique et pli\u00e9s \u00e0 l&rsquo;aide d&rsquo;une combinaison de soufflage d&rsquo;air et de deux jeux de courroies de pliage afin d&rsquo;obtenir un pliage de haute qualit\u00e9 et constant. Ils peuvent \u00eatre pli\u00e9s lat\u00e9ralement une fois avant d&rsquo;\u00eatre empil\u00e9s ou simplement empil\u00e9s \u00e0 plat.<\/p>\n<p>Ils sont ensuite dirig\u00e9s vers un syst\u00e8me d&#8217;empilage par rouleaux \u00e0 grande vitesse, o\u00f9 ils sont empil\u00e9s avec pr\u00e9cision gr\u00e2ce \u00e0 un encodeur lin\u00e9aire.<\/p>\t\t\t\t\t\t\t\t<\/div>\n\t\t\t\t<\/div>\n\t\t\t\t\t<\/div>\n\t\t<\/div>\n\t\t\t\t<div class=\"elementor-column elementor-col-50 elementor-inner-column elementor-element elementor-element-48a6b82f\" data-id=\"48a6b82f\" data-element_type=\"column\">\n\t\t\t<div class=\"elementor-widget-wrap elementor-element-populated\">\n\t\t\t\t\t\t<div class=\"elementor-element elementor-element-47e2cd41 elementor-pagination-position-outside elementor-widget elementor-widget-image-carousel\" data-id=\"47e2cd41\" data-element_type=\"widget\" data-settings=\"{&quot;slides_to_show&quot;:&quot;1&quot;,&quot;autoplay_speed&quot;:2000,&quot;navigation&quot;:&quot;dots&quot;,&quot;autoplay&quot;:&quot;yes&quot;,&quot;pause_on_hover&quot;:&quot;yes&quot;,&quot;pause_on_interaction&quot;:&quot;yes&quot;,&quot;infinite&quot;:&quot;yes&quot;,&quot;effect&quot;:&quot;slide&quot;,&quot;speed&quot;:500}\" data-widget_type=\"image-carousel.default\">\n\t\t\t\t<div class=\"elementor-widget-container\">\n\t\t\t\t\t\t\t<div class=\"elementor-image-carousel-wrapper swiper\" role=\"region\" aria-roledescription=\"carousel\" aria-label=\"Carrousel d\u2019images\" dir=\"ltr\">\n\t\t\t<div class=\"elementor-image-carousel swiper-wrapper\" aria-live=\"off\">\n\t\t\t\t\t\t\t\t<div class=\"swiper-slide\" role=\"group\" aria-roledescription=\"slide\" aria-label=\"1 sur 1\"><figure class=\"swiper-slide-inner\"><img decoding=\"async\" class=\"swiper-slide-image\" src=\"https:\/\/dekkenmachinery.com\/wp-content\/uploads\/2023\/12\/T-Stack_WebsiteStackedProducts.jpg-228x300.png\" alt=\"T-Stack_WebsiteStackedProducts.jpg\" \/><\/figure><\/div>\t\t\t<\/div>\n\t\t\t\t\t<\/div>\n\t\t\t\t\t\t<\/div>\n\t\t\t\t<\/div>\n\t\t\t\t\t<\/div>\n\t\t<\/div>\n\t\t\t\t\t<\/div>\n\t\t<\/section>\n\t\t\t\t\t<\/div>\n\t\t<\/div>\n\t\t\t\t\t<\/div>\n\t\t<\/section>\n\t\t\t\t<section class=\"elementor-section elementor-top-section elementor-element elementor-element-2793bb8 elementor-section-boxed elementor-section-height-default elementor-section-height-default\" data-id=\"2793bb8\" data-element_type=\"section\">\n\t\t\t\t\t\t<div class=\"elementor-container elementor-column-gap-default\">\n\t\t\t\t\t<div class=\"elementor-column elementor-col-100 elementor-top-column elementor-element elementor-element-3a4f424\" data-id=\"3a4f424\" data-element_type=\"column\">\n\t\t\t<div class=\"elementor-widget-wrap\">\n\t\t\t\t\t\t\t<\/div>\n\t\t<\/div>\n\t\t\t\t\t<\/div>\n\t\t<\/section>\n\t\t\t\t<\/div>\n\t\t<\/div><div id=\"jet-tabs-content-5822\" class=\"jet-tabs__content \" data-tab=\"2\" role=\"tabpanel\" aria-hidden=\"true\" data-template-id=\"false\">\t\t<div data-elementor-type=\"page\" data-elementor-id=\"4634\" class=\"elementor elementor-4634 elementor-3849\" data-elementor-post-type=\"elementor_library\">\n\t\t\t\t\t\t<section class=\"elementor-section elementor-top-section elementor-element elementor-element-bc634b4 elementor-section-boxed elementor-section-height-default elementor-section-height-default\" data-id=\"bc634b4\" data-element_type=\"section\">\n\t\t\t\t\t\t<div class=\"elementor-container elementor-column-gap-default\">\n\t\t\t\t\t<div class=\"elementor-column elementor-col-100 elementor-top-column elementor-element elementor-element-532eeb0\" data-id=\"532eeb0\" data-element_type=\"column\">\n\t\t\t<div class=\"elementor-widget-wrap elementor-element-populated\">\n\t\t\t\t\t\t<div class=\"elementor-element elementor-element-b25ef28 elementor-widget elementor-widget-elementskit-tablepress\" data-id=\"b25ef28\" data-element_type=\"widget\" data-widget_type=\"elementskit-tablepress.default\">\n\t\t\t\t<div class=\"elementor-widget-container\">\n\t\t\t\t\t<div class=\"elemenetskit-tablepress ekit-wid-con\" id=\"ekit_tablepress_b25ef28\">\n<table id=\"tablepress-18\" class=\"tablepress tablepress-id-18\">\n<thead>\n<tr class=\"row-1\">\n\t<th class=\"column-1\"><\/th><th class=\"column-2\">Dimensions m\u00e9triques<\/th><th class=\"column-3\">Dimensions imp\u00e9riales<\/th>\n<\/tr>\n<\/thead>\n<tbody class=\"row-striping row-hover\">\n<tr class=\"row-2\">\n\t<td class=\"column-1\">Dimensions maximales du produit pour le pliage<\/td><td class=\"column-2\">700x500mm<\/td><td class=\"column-3\">28x20in<\/td>\n<\/tr>\n<tr class=\"row-3\">\n\t<td class=\"column-1\">Dimensions maximales du produit sans pliage<\/td><td class=\"column-2\">350x500mm<\/td><td class=\"column-3\">14x20in<\/td>\n<\/tr>\n<tr class=\"row-4\">\n\t<td class=\"column-1\">Production maximale par heure<\/td><td class=\"column-2\">2000<\/td><td class=\"column-3\">2000<\/td>\n<\/tr>\n<tr class=\"row-5\">\n\t<td class=\"column-1\">Production maximale par 8 heures<\/td><td class=\"column-2\">16000<\/td><td class=\"column-3\">16000<\/td>\n<\/tr>\n<tr class=\"row-6\">\n\t<td class=\"column-1\">Pression d&rsquo;air<\/td><td class=\"column-2\">6 Bar<\/td><td class=\"column-3\">87 PSI<\/td>\n<\/tr>\n<tr class=\"row-7\">\n\t<td class=\"column-1\">Consommation d&rsquo;air maximale<\/td><td class=\"column-2\">10 m\u00b3\/h<\/td><td class=\"column-3\">350 ft\u00b3<\/td>\n<\/tr>\n<tr class=\"row-8\">\n\t<td class=\"column-1\">Connexion \u00e0 l&rsquo;air<\/td><td class=\"column-2\">\u2265 \u00d813mm<\/td><td class=\"column-3\">\u2265 \u00d81\/2in<\/td>\n<\/tr>\n<tr class=\"row-9\">\n\t<td class=\"column-1\">Alimentation en courant<\/td><td class=\"column-2\">1x 200\/240V, 50\/60Hz<br \/>\nor 3x 380\/415V, 50\/60Hz<\/td><td class=\"column-3\">1x 200\/240V, 50\/60Hz<br \/>\nor 3x 380\/415V, 50\/60Hz<\/td>\n<\/tr>\n<tr class=\"row-10\">\n\t<td class=\"column-1\">Consommation \u00e9lectrique maximale<\/td><td class=\"column-2\">1 kWh<\/td><td class=\"column-3\">1 kWh<\/td>\n<\/tr>\n<tr class=\"row-11\">\n\t<td class=\"column-1\">Longueur de la machine<\/td><td class=\"column-2\">2600mm<\/td><td class=\"column-3\">102.36in<\/td>\n<\/tr>\n<tr class=\"row-12\">\n\t<td class=\"column-1\">Largeur de la machine<\/td><td class=\"column-2\">1020mm<\/td><td class=\"column-3\">40.16in<\/td>\n<\/tr>\n<tr class=\"row-13\">\n\t<td class=\"column-1\">Hauteur de la machine<\/td><td class=\"column-2\">1470mm<\/td><td class=\"column-3\">57.87in<\/td>\n<\/tr>\n<tr class=\"row-14\">\n\t<td class=\"column-1\">Programmes personnalisables<\/td><td class=\"column-2\">60<\/td><td class=\"column-3\">60<\/td>\n<\/tr>\n<\/tbody>\n<\/table>\n<!-- #tablepress-18 from cache --><\/div>\t\t\t\t<\/div>\n\t\t\t\t<\/div>\n\t\t\t\t\t<\/div>\n\t\t<\/div>\n\t\t\t\t\t<\/div>\n\t\t<\/section>\n\t\t\t\t<\/div>\n\t\t<\/div>\t\t\t<\/div>\n\t\t<\/div>\n\t\t\t\t\t\t<\/div>\n\t\t\t\t<\/div>\n\t\t\t\t\t<\/div>\n\t\t<\/div>\n\t\t\t\t\t<\/div>\n\t\t<\/section>\n\t\t\t\t<\/div>\n\t\t","protected":false},"featured_media":0,"template":"elementor_header_footer","categories":[14],"class_list":["post-3832","product","type-product","status-publish","hentry","categories-textile-folding-solutions"],"acf":[],"yoast_head":"<!-- This site is optimized with the Yoast SEO plugin v24.6 - https:\/\/yoast.com\/wordpress\/plugins\/seo\/ -->\n<title>T-Stack - Dekken Machinery<\/title>\n<meta name=\"robots\" content=\"index, follow, max-snippet:-1, max-image-preview:large, max-video-preview:-1\" \/>\n<link rel=\"canonical\" href=\"https:\/\/dekkenmachinery.com\/product\/t-stack\/\" \/>\n<meta property=\"og:locale\" content=\"fr_FR\" \/>\n<meta property=\"og:type\" content=\"article\" \/>\n<meta property=\"og:title\" content=\"T-Stack - Dekken Machinery\" \/>\n<meta property=\"og:description\" content=\"T-Stack La T-Stack est une machine de pointe pour le pliage et l&#8217;empilage de petites pi\u00e8ces. La T-Stack est principalement con\u00e7u pour traiter des pi\u00e8ces telles que des serviettes, des gants de toilette, des serpilli\u00e8res de bar, des serpilli\u00e8res de nettoyage, des torchons de cuisine, des jeans, des pantalons ou toute autre pi\u00e8ce plate ayant [&hellip;]\" \/>\n<meta property=\"og:url\" content=\"https:\/\/dekkenmachinery.com\/product\/t-stack\/\" \/>\n<meta property=\"og:site_name\" content=\"Dekken Machinery\" \/>\n<meta property=\"article:modified_time\" content=\"2024-01-21T18:39:55+00:00\" \/>\n<meta property=\"og:image\" content=\"https:\/\/www.dekkenmachinery.com\/wp-content\/uploads\/2023\/12\/T-Stack_WebsiteThumbnail-1.png\" \/>\n<meta name=\"twitter:card\" content=\"summary_large_image\" \/>\n<meta name=\"twitter:label1\" content=\"Dur\u00e9e de lecture estim\u00e9e\" \/>\n\t<meta name=\"twitter:data1\" content=\"3 minutes\" \/>\n<script type=\"application\/ld+json\" class=\"yoast-schema-graph\">{\"@context\":\"https:\/\/schema.org\",\"@graph\":[{\"@type\":\"WebPage\",\"@id\":\"https:\/\/dekkenmachinery.com\/product\/t-stack\/\",\"url\":\"https:\/\/dekkenmachinery.com\/product\/t-stack\/\",\"name\":\"T-Stack - Dekken Machinery\",\"isPartOf\":{\"@id\":\"https:\/\/dekkenmachinery.com\/#website\"},\"primaryImageOfPage\":{\"@id\":\"https:\/\/dekkenmachinery.com\/product\/t-stack\/#primaryimage\"},\"image\":{\"@id\":\"https:\/\/dekkenmachinery.com\/product\/t-stack\/#primaryimage\"},\"thumbnailUrl\":\"https:\/\/www.dekkenmachinery.com\/wp-content\/uploads\/2023\/12\/T-Stack_WebsiteThumbnail-1.png\",\"datePublished\":\"2023-12-13T08:27:35+00:00\",\"dateModified\":\"2024-01-21T18:39:55+00:00\",\"breadcrumb\":{\"@id\":\"https:\/\/dekkenmachinery.com\/product\/t-stack\/#breadcrumb\"},\"inLanguage\":\"fr-FR\",\"potentialAction\":[{\"@type\":\"ReadAction\",\"target\":[\"https:\/\/dekkenmachinery.com\/product\/t-stack\/\"]}]},{\"@type\":\"ImageObject\",\"inLanguage\":\"fr-FR\",\"@id\":\"https:\/\/dekkenmachinery.com\/product\/t-stack\/#primaryimage\",\"url\":\"https:\/\/www.dekkenmachinery.com\/wp-content\/uploads\/2023\/12\/T-Stack_WebsiteThumbnail-1.png\",\"contentUrl\":\"https:\/\/www.dekkenmachinery.com\/wp-content\/uploads\/2023\/12\/T-Stack_WebsiteThumbnail-1.png\"},{\"@type\":\"BreadcrumbList\",\"@id\":\"https:\/\/dekkenmachinery.com\/product\/t-stack\/#breadcrumb\",\"itemListElement\":[{\"@type\":\"ListItem\",\"position\":1,\"name\":\"Home\",\"item\":\"https:\/\/dekkenmachinery.com\/\"},{\"@type\":\"ListItem\",\"position\":2,\"name\":\"T-Stack\"}]},{\"@type\":\"WebSite\",\"@id\":\"https:\/\/dekkenmachinery.com\/#website\",\"url\":\"https:\/\/dekkenmachinery.com\/\",\"name\":\"Dekken Machinery\",\"description\":\"\",\"potentialAction\":[{\"@type\":\"SearchAction\",\"target\":{\"@type\":\"EntryPoint\",\"urlTemplate\":\"https:\/\/dekkenmachinery.com\/?s={search_term_string}\"},\"query-input\":{\"@type\":\"PropertyValueSpecification\",\"valueRequired\":true,\"valueName\":\"search_term_string\"}}],\"inLanguage\":\"fr-FR\"}]}<\/script>\n<!-- \/ Yoast SEO plugin. -->","yoast_head_json":{"title":"T-Stack - Dekken Machinery","robots":{"index":"index","follow":"follow","max-snippet":"max-snippet:-1","max-image-preview":"max-image-preview:large","max-video-preview":"max-video-preview:-1"},"canonical":"https:\/\/dekkenmachinery.com\/product\/t-stack\/","og_locale":"fr_FR","og_type":"article","og_title":"T-Stack - Dekken Machinery","og_description":"T-Stack La T-Stack est une machine de pointe pour le pliage et l&#8217;empilage de petites pi\u00e8ces. La T-Stack est principalement con\u00e7u pour traiter des pi\u00e8ces telles que des serviettes, des gants de toilette, des serpilli\u00e8res de bar, des serpilli\u00e8res de nettoyage, des torchons de cuisine, des jeans, des pantalons ou toute autre pi\u00e8ce plate ayant [&hellip;]","og_url":"https:\/\/dekkenmachinery.com\/product\/t-stack\/","og_site_name":"Dekken Machinery","article_modified_time":"2024-01-21T18:39:55+00:00","og_image":[{"url":"https:\/\/www.dekkenmachinery.com\/wp-content\/uploads\/2023\/12\/T-Stack_WebsiteThumbnail-1.png","type":"","width":"","height":""}],"twitter_card":"summary_large_image","twitter_misc":{"Dur\u00e9e de lecture estim\u00e9e":"3 minutes"},"schema":{"@context":"https:\/\/schema.org","@graph":[{"@type":"WebPage","@id":"https:\/\/dekkenmachinery.com\/product\/t-stack\/","url":"https:\/\/dekkenmachinery.com\/product\/t-stack\/","name":"T-Stack - Dekken Machinery","isPartOf":{"@id":"https:\/\/dekkenmachinery.com\/#website"},"primaryImageOfPage":{"@id":"https:\/\/dekkenmachinery.com\/product\/t-stack\/#primaryimage"},"image":{"@id":"https:\/\/dekkenmachinery.com\/product\/t-stack\/#primaryimage"},"thumbnailUrl":"https:\/\/www.dekkenmachinery.com\/wp-content\/uploads\/2023\/12\/T-Stack_WebsiteThumbnail-1.png","datePublished":"2023-12-13T08:27:35+00:00","dateModified":"2024-01-21T18:39:55+00:00","breadcrumb":{"@id":"https:\/\/dekkenmachinery.com\/product\/t-stack\/#breadcrumb"},"inLanguage":"fr-FR","potentialAction":[{"@type":"ReadAction","target":["https:\/\/dekkenmachinery.com\/product\/t-stack\/"]}]},{"@type":"ImageObject","inLanguage":"fr-FR","@id":"https:\/\/dekkenmachinery.com\/product\/t-stack\/#primaryimage","url":"https:\/\/www.dekkenmachinery.com\/wp-content\/uploads\/2023\/12\/T-Stack_WebsiteThumbnail-1.png","contentUrl":"https:\/\/www.dekkenmachinery.com\/wp-content\/uploads\/2023\/12\/T-Stack_WebsiteThumbnail-1.png"},{"@type":"BreadcrumbList","@id":"https:\/\/dekkenmachinery.com\/product\/t-stack\/#breadcrumb","itemListElement":[{"@type":"ListItem","position":1,"name":"Home","item":"https:\/\/dekkenmachinery.com\/"},{"@type":"ListItem","position":2,"name":"T-Stack"}]},{"@type":"WebSite","@id":"https:\/\/dekkenmachinery.com\/#website","url":"https:\/\/dekkenmachinery.com\/","name":"Dekken Machinery","description":"","potentialAction":[{"@type":"SearchAction","target":{"@type":"EntryPoint","urlTemplate":"https:\/\/dekkenmachinery.com\/?s={search_term_string}"},"query-input":{"@type":"PropertyValueSpecification","valueRequired":true,"valueName":"search_term_string"}}],"inLanguage":"fr-FR"}]}},"_links":{"self":[{"href":"https:\/\/dekkenmachinery.com\/fr\/wp-json\/wp\/v2\/product\/3832","targetHints":{"allow":["GET"]}}],"collection":[{"href":"https:\/\/dekkenmachinery.com\/fr\/wp-json\/wp\/v2\/product"}],"about":[{"href":"https:\/\/dekkenmachinery.com\/fr\/wp-json\/wp\/v2\/types\/product"}],"version-history":[{"count":0,"href":"https:\/\/dekkenmachinery.com\/fr\/wp-json\/wp\/v2\/product\/3832\/revisions"}],"wp:attachment":[{"href":"https:\/\/dekkenmachinery.com\/fr\/wp-json\/wp\/v2\/media?parent=3832"}],"wp:term":[{"taxonomy":"categories","embeddable":true,"href":"https:\/\/dekkenmachinery.com\/fr\/wp-json\/wp\/v2\/categories?post=3832"}],"curies":[{"name":"wp","href":"https:\/\/api.w.org\/{rel}","templated":true}]}}