{"id":1962,"date":"2023-02-23T21:19:58","date_gmt":"2023-02-23T20:19:58","guid":{"rendered":"http:\/\/dekkensandbox.websitea-propos-de-nous\/"},"modified":"2024-01-21T22:03:34","modified_gmt":"2024-01-21T21:03:34","slug":"a-propos-de-nous","status":"publish","type":"page","link":"https:\/\/dekkenmachinery.com\/fr\/a-propos-de-nous\/","title":{"rendered":"A propos de nous"},"content":{"rendered":"\t\t<div data-elementor-type=\"wp-page\" data-elementor-id=\"1962\" class=\"elementor elementor-1962 elementor-9\" data-elementor-post-type=\"page\">\n\t\t\t\t\t\t<section class=\"elementor-section elementor-top-section elementor-element elementor-element-9e56542 elementor-section-boxed elementor-section-height-default elementor-section-height-default\" data-id=\"9e56542\" data-element_type=\"section\" data-settings=\"{&quot;background_background&quot;:&quot;classic&quot;}\">\n\t\t\t\t\t\t<div class=\"elementor-container elementor-column-gap-default\">\n\t\t\t\t\t<div class=\"elementor-column elementor-col-50 elementor-top-column elementor-element elementor-element-32baeeb\" data-id=\"32baeeb\" data-element_type=\"column\">\n\t\t\t<div class=\"elementor-widget-wrap elementor-element-populated\">\n\t\t\t\t\t\t<div class=\"elementor-element elementor-element-46c3da9 elementor-invisible elementor-widget elementor-widget-heading\" data-id=\"46c3da9\" data-element_type=\"widget\" data-settings=\"{&quot;_animation&quot;:&quot;fadeInLeft&quot;}\" data-widget_type=\"heading.default\">\n\t\t\t\t<div class=\"elementor-widget-container\">\n\t\t\t\t\t<h2 class=\"elementor-heading-title elementor-size-default\">Votre sp\u00e9cialiste des solutions de pliage pour l'industrie textile<\/h2>\t\t\t\t<\/div>\n\t\t\t\t<\/div>\n\t\t\t\t<div class=\"elementor-element elementor-element-7686c41 elementor-invisible elementor-widget elementor-widget-text-editor\" data-id=\"7686c41\" data-element_type=\"widget\" data-settings=\"{&quot;_animation&quot;:&quot;fadeInRight&quot;}\" data-widget_type=\"text-editor.default\">\n\t\t\t\t<div class=\"elementor-widget-container\">\n\t\t\t\t\t\t\t\t\t<p><span style=\"color: rgb(2, 165, 234);\">Nous avons plus de 30 ans d&rsquo;exp\u00e9rience dans la conception et la fabrication d&rsquo;\u00e9quipements textiles. Cela nous permet de servir un large \u00e9ventail de clients dans une vari\u00e9t\u00e9 d&rsquo;industries.<\/span><\/p>\n<p>Nous concevons et fabriquons des \u00e9quipements d&#8217;emballage textile hautement sp\u00e9cialis\u00e9s \u00e0 des prix raisonnables sans compromis sur la qualit\u00e9. Tous nos produits sont con\u00e7us pour n\u00e9cessiter peu d&rsquo;entretien, afin de maintenir les co\u00fbts \u00e0 un niveau bas et le temps de fonctionnement \u00e0 un niveau \u00e9lev\u00e9.<\/p><p>Notre objectif est d&rsquo;offrir \u00e0 nos clients la meilleure exp\u00e9rience possible et de faire en sorte qu&rsquo;ils soient satisfaits de leur \u00e9quipement pendant longtemps.<\/p>\t\t\t\t\t\t\t\t<\/div>\n\t\t\t\t<\/div>\n\t\t\t\t<section class=\"elementor-section elementor-inner-section elementor-element elementor-element-84aa636 elementor-section-boxed elementor-section-height-default elementor-section-height-default\" data-id=\"84aa636\" data-element_type=\"section\">\n\t\t\t\t\t\t<div class=\"elementor-container elementor-column-gap-default\">\n\t\t\t\t\t<div class=\"elementor-column elementor-col-50 elementor-inner-column elementor-element elementor-element-d411387\" data-id=\"d411387\" data-element_type=\"column\">\n\t\t\t<div class=\"elementor-widget-wrap elementor-element-populated\">\n\t\t\t\t\t\t<div class=\"elementor-element elementor-element-bba0844 elementor-position-left elementor-vertical-align-top elementor-widget elementor-widget-image-box\" data-id=\"bba0844\" data-element_type=\"widget\" data-widget_type=\"image-box.default\">\n\t\t\t\t<div class=\"elementor-widget-container\">\n\t\t\t\t\t<div class=\"elementor-image-box-wrapper\"><figure class=\"elementor-image-box-img\"><img decoding=\"async\" width=\"40\" height=\"47\" src=\"https:\/\/dekkenmachinery.com\/wp-content\/uploads\/2023\/02\/icon-hexa-2.png\" class=\"attachment-full size-full wp-image-1738\" alt=\"\" \/><\/figure><div class=\"elementor-image-box-content\"><div class=\"elementor-image-box-title\">Notre mission<\/div><p class=\"elementor-image-box-description\">Fournir l'\u00e9quipement le plus fiable, le plus flexible et le plus facile \u00e0 utiliser sur le march\u00e9 en sortant des sentiers battus et en remettant en question l'\u00e9tat actuel de la technologie.<\/p><\/div><\/div>\t\t\t\t<\/div>\n\t\t\t\t<\/div>\n\t\t\t\t\t<\/div>\n\t\t<\/div>\n\t\t\t\t<div class=\"elementor-column elementor-col-50 elementor-inner-column elementor-element elementor-element-a62c0ca\" data-id=\"a62c0ca\" data-element_type=\"column\">\n\t\t\t<div class=\"elementor-widget-wrap elementor-element-populated\">\n\t\t\t\t\t\t<div class=\"elementor-element elementor-element-496ce2d elementor-position-left elementor-vertical-align-top elementor-widget elementor-widget-image-box\" data-id=\"496ce2d\" data-element_type=\"widget\" data-widget_type=\"image-box.default\">\n\t\t\t\t<div class=\"elementor-widget-container\">\n\t\t\t\t\t<div class=\"elementor-image-box-wrapper\"><figure class=\"elementor-image-box-img\"><img decoding=\"async\" width=\"41\" height=\"46\" src=\"https:\/\/dekkenmachinery.com\/wp-content\/uploads\/2023\/02\/icon-hexa-1.png\" class=\"attachment-full size-full wp-image-1734\" alt=\"\" \/><\/figure><div class=\"elementor-image-box-content\"><div class=\"elementor-image-box-title\">Notre vision<\/div><p class=\"elementor-image-box-description\">Transformer les t\u00e2ches de manutention, de pliage, d'ensachage et d'\u00e9tiquetage d'un fardeau en une partie efficace de toute entreprise, permettant \u00e0 chacun de se concentrer sur ce qu'il fait le mieux.<\/p><\/div><\/div>\t\t\t\t<\/div>\n\t\t\t\t<\/div>\n\t\t\t\t\t<\/div>\n\t\t<\/div>\n\t\t\t\t\t<\/div>\n\t\t<\/section>\n\t\t\t\t\t<\/div>\n\t\t<\/div>\n\t\t\t\t<div class=\"elementor-column elementor-col-50 elementor-top-column elementor-element elementor-element-8555d9d\" data-id=\"8555d9d\" data-element_type=\"column\">\n\t\t\t<div class=\"elementor-widget-wrap elementor-element-populated\">\n\t\t\t\t\t\t<div class=\"elementor-element elementor-element-821a6b6 elementor-widget elementor-widget-image\" data-id=\"821a6b6\" data-element_type=\"widget\" data-widget_type=\"image.default\">\n\t\t\t\t<div class=\"elementor-widget-container\">\n\t\t\t\t\t\t\t\t\t\t\t\t\t\t\t<img fetchpriority=\"high\" decoding=\"async\" width=\"642\" height=\"550\" src=\"https:\/\/dekkenmachinery.com\/wp-content\/uploads\/2023\/12\/Dekken_AboutUs.jpg\" class=\"attachment-full size-full wp-image-2937\" alt=\"\" srcset=\"https:\/\/dekkenmachinery.com\/wp-content\/uploads\/2023\/12\/Dekken_AboutUs.jpg 642w, https:\/\/dekkenmachinery.com\/wp-content\/uploads\/2023\/12\/Dekken_AboutUs-300x257.jpg 300w\" sizes=\"(max-width: 642px) 100vw, 642px\" \/>\t\t\t\t\t\t\t\t\t\t\t\t\t\t\t<\/div>\n\t\t\t\t<\/div>\n\t\t\t\t\t<\/div>\n\t\t<\/div>\n\t\t\t\t\t<\/div>\n\t\t<\/section>\n\t\t\t\t<section class=\"elementor-section elementor-top-section elementor-element elementor-element-9327132 elementor-section-boxed elementor-section-height-default elementor-section-height-default\" data-id=\"9327132\" data-element_type=\"section\">\n\t\t\t\t\t\t<div class=\"elementor-container elementor-column-gap-default\">\n\t\t\t\t\t<div class=\"elementor-column elementor-col-100 elementor-top-column elementor-element elementor-element-fc4bbd1\" data-id=\"fc4bbd1\" data-element_type=\"column\">\n\t\t\t<div class=\"elementor-widget-wrap elementor-element-populated\">\n\t\t\t\t\t\t<div class=\"elementor-element elementor-element-37fb886 elementor-invisible elementor-widget elementor-widget-heading\" data-id=\"37fb886\" data-element_type=\"widget\" data-settings=\"{&quot;_animation&quot;:&quot;fadeInLeft&quot;}\" data-widget_type=\"heading.default\">\n\t\t\t\t<div class=\"elementor-widget-container\">\n\t\t\t\t\t<h2 class=\"elementor-heading-title elementor-size-default\">Nos produits am\u00e9liorent l'efficacit\u00e9 des entreprises dans le monde entier<\/h2>\t\t\t\t<\/div>\n\t\t\t\t<\/div>\n\t\t\t\t<section class=\"elementor-section elementor-inner-section elementor-element elementor-element-b068d29 elementor-section-content-middle elementor-section-boxed elementor-section-height-default elementor-section-height-default\" data-id=\"b068d29\" data-element_type=\"section\">\n\t\t\t\t\t\t<div class=\"elementor-container elementor-column-gap-default\">\n\t\t\t\t\t<div class=\"elementor-column elementor-col-50 elementor-inner-column elementor-element elementor-element-b74e96f\" data-id=\"b74e96f\" data-element_type=\"column\">\n\t\t\t<div class=\"elementor-widget-wrap elementor-element-populated\">\n\t\t\t\t\t\t<div class=\"elementor-element elementor-element-617787f products-delivered-count elementor-widget elementor-widget-counter\" data-id=\"617787f\" data-element_type=\"widget\" data-widget_type=\"counter.default\">\n\t\t\t\t<div class=\"elementor-widget-container\">\n\t\t\t\t\t\t\t<div class=\"elementor-counter\">\n\t\t\t<div class=\"elementor-counter-title\">Pays distribu\u00e9s<\/div>\t\t\t<div class=\"elementor-counter-number-wrapper\">\n\t\t\t\t<span class=\"elementor-counter-number-prefix\"><\/span>\n\t\t\t\t<span class=\"elementor-counter-number\" data-duration=\"2000\" data-to-value=\"50\" data-from-value=\"0\" data-delimiter=\",\">0<\/span>\n\t\t\t\t<span class=\"elementor-counter-number-suffix\">+<\/span>\n\t\t\t<\/div>\n\t\t<\/div>\n\t\t\t\t\t\t<\/div>\n\t\t\t\t<\/div>\n\t\t\t\t\t<\/div>\n\t\t<\/div>\n\t\t\t\t<div class=\"elementor-column elementor-col-50 elementor-inner-column elementor-element elementor-element-67850c3\" data-id=\"67850c3\" data-element_type=\"column\">\n\t\t\t<div class=\"elementor-widget-wrap elementor-element-populated\">\n\t\t\t\t\t\t<div class=\"elementor-element elementor-element-7e6a0ac elementor-widget elementor-widget-text-editor\" data-id=\"7e6a0ac\" data-element_type=\"widget\" data-widget_type=\"text-editor.default\">\n\t\t\t\t<div class=\"elementor-widget-container\">\n\t\t\t\t\t\t\t\t\t<p><span style=\"color: var( --e-global-color-text ); font-size: 1rem;\">Tous nos produits sont con\u00e7us pour \u00eatre faciles \u00e0 installer. Les co\u00fbts de maintenance sont tr\u00e8s faibles gr\u00e2ce \u00e0 nos nombreuses ann\u00e9es d&rsquo;exp\u00e9rience, \u00e0 des conceptions optimis\u00e9es et \u00e0 une s\u00e9lection de composants de haute qualit\u00e9.<\/span><\/p>\n\t\t\t\t\t\t\t\t<\/div>\n\t\t\t\t<\/div>\n\t\t\t\t\t<\/div>\n\t\t<\/div>\n\t\t\t\t\t<\/div>\n\t\t<\/section>\n\t\t\t\t\t<\/div>\n\t\t<\/div>\n\t\t\t\t\t<\/div>\n\t\t<\/section>\n\t\t\t\t<section class=\"elementor-section elementor-top-section elementor-element elementor-element-25ea9c3 elementor-section-boxed elementor-section-height-default elementor-section-height-default\" data-id=\"25ea9c3\" data-element_type=\"section\">\n\t\t\t\t\t\t<div class=\"elementor-container elementor-column-gap-default\">\n\t\t\t\t\t<div class=\"elementor-column elementor-col-100 elementor-top-column elementor-element elementor-element-e8deb9f\" data-id=\"e8deb9f\" data-element_type=\"column\">\n\t\t\t<div class=\"elementor-widget-wrap elementor-element-populated\">\n\t\t\t\t\t\t<div class=\"elementor-element elementor-element-6e31d25 elementor-widget elementor-widget-image\" data-id=\"6e31d25\" data-element_type=\"widget\" data-widget_type=\"image.default\">\n\t\t\t\t<div class=\"elementor-widget-container\">\n\t\t\t\t\t\t\t\t\t\t\t\t\t\t\t<img loading=\"lazy\" decoding=\"async\" width=\"759\" height=\"374\" src=\"https:\/\/dekkenmachinery.com\/wp-content\/uploads\/2023\/02\/map-transparent.png\" class=\"attachment-large size-large wp-image-1742\" alt=\"\" srcset=\"https:\/\/dekkenmachinery.com\/wp-content\/uploads\/2023\/02\/map-transparent.png 759w, https:\/\/dekkenmachinery.com\/wp-content\/uploads\/2023\/02\/map-transparent-300x148.png 300w\" sizes=\"(max-width: 759px) 100vw, 759px\" \/>\t\t\t\t\t\t\t\t\t\t\t\t\t\t\t<\/div>\n\t\t\t\t<\/div>\n\t\t\t\t\t<\/div>\n\t\t<\/div>\n\t\t\t\t\t<\/div>\n\t\t<\/section>\n\t\t\t\t<\/div>\n\t\t","protected":false},"excerpt":{"rendered":"<p>Votre sp\u00e9cialiste des solutions de pliage pour l&rsquo;industrie textile Nous avons plus de 30 ans d&rsquo;exp\u00e9rience dans la conception et la fabrication d&rsquo;\u00e9quipements textiles. Cela nous permet de servir un large \u00e9ventail de clients dans une vari\u00e9t\u00e9 d&rsquo;industries. Nous concevons et fabriquons des \u00e9quipements d&#8217;emballage textile hautement sp\u00e9cialis\u00e9s \u00e0 des prix raisonnables sans compromis sur [&hellip;]<\/p>\n","protected":false},"author":2,"featured_media":0,"parent":0,"menu_order":0,"comment_status":"closed","ping_status":"closed","template":"elementor_header_footer","meta":{"_acf_changed":false,"footnotes":""},"class_list":["post-1962","page","type-page","status-publish","hentry"],"acf":[],"yoast_head":"<!-- This site is optimized with the Yoast SEO plugin v24.6 - https:\/\/yoast.com\/wordpress\/plugins\/seo\/ -->\n<title>A propos de nous - Dekken Machinery<\/title>\n<meta name=\"robots\" content=\"index, follow, max-snippet:-1, max-image-preview:large, max-video-preview:-1\" \/>\n<link rel=\"canonical\" href=\"https:\/\/dekkenmachinery.com\/fr\/a-propos-de-nous\/\" \/>\n<meta property=\"og:locale\" content=\"fr_FR\" \/>\n<meta property=\"og:type\" content=\"article\" \/>\n<meta property=\"og:title\" content=\"A propos de nous - Dekken Machinery\" \/>\n<meta property=\"og:description\" content=\"Votre sp\u00e9cialiste des solutions de pliage pour l&rsquo;industrie textile Nous avons plus de 30 ans d&rsquo;exp\u00e9rience dans la conception et la fabrication d&rsquo;\u00e9quipements textiles. Cela nous permet de servir un large \u00e9ventail de clients dans une vari\u00e9t\u00e9 d&rsquo;industries. Nous concevons et fabriquons des \u00e9quipements d&#8217;emballage textile hautement sp\u00e9cialis\u00e9s \u00e0 des prix raisonnables sans compromis sur [&hellip;]\" \/>\n<meta property=\"og:url\" content=\"https:\/\/dekkenmachinery.com\/fr\/a-propos-de-nous\/\" \/>\n<meta property=\"og:site_name\" content=\"Dekken Machinery\" \/>\n<meta property=\"article:modified_time\" content=\"2024-01-21T21:03:34+00:00\" \/>\n<meta property=\"og:image\" content=\"https:\/\/www.dekkenmachinery.com\/wp-content\/uploads\/2023\/02\/icon-hexa-2.png\" \/>\n<meta name=\"twitter:card\" content=\"summary_large_image\" \/>\n<meta name=\"twitter:label1\" content=\"Dur\u00e9e de lecture estim\u00e9e\" \/>\n\t<meta name=\"twitter:data1\" content=\"1 minute\" \/>\n<script type=\"application\/ld+json\" class=\"yoast-schema-graph\">{\"@context\":\"https:\/\/schema.org\",\"@graph\":[{\"@type\":\"WebPage\",\"@id\":\"https:\/\/dekkenmachinery.com\/fr\/a-propos-de-nous\/\",\"url\":\"https:\/\/dekkenmachinery.com\/fr\/a-propos-de-nous\/\",\"name\":\"A propos de nous - Dekken Machinery\",\"isPartOf\":{\"@id\":\"https:\/\/dekkenmachinery.com\/#website\"},\"primaryImageOfPage\":{\"@id\":\"https:\/\/dekkenmachinery.com\/fr\/a-propos-de-nous\/#primaryimage\"},\"image\":{\"@id\":\"https:\/\/dekkenmachinery.com\/fr\/a-propos-de-nous\/#primaryimage\"},\"thumbnailUrl\":\"https:\/\/www.dekkenmachinery.com\/wp-content\/uploads\/2023\/02\/icon-hexa-2.png\",\"datePublished\":\"2023-02-23T20:19:58+00:00\",\"dateModified\":\"2024-01-21T21:03:34+00:00\",\"breadcrumb\":{\"@id\":\"https:\/\/dekkenmachinery.com\/fr\/a-propos-de-nous\/#breadcrumb\"},\"inLanguage\":\"fr-FR\",\"potentialAction\":[{\"@type\":\"ReadAction\",\"target\":[\"https:\/\/dekkenmachinery.com\/fr\/a-propos-de-nous\/\"]}]},{\"@type\":\"ImageObject\",\"inLanguage\":\"fr-FR\",\"@id\":\"https:\/\/dekkenmachinery.com\/fr\/a-propos-de-nous\/#primaryimage\",\"url\":\"https:\/\/www.dekkenmachinery.com\/wp-content\/uploads\/2023\/02\/icon-hexa-2.png\",\"contentUrl\":\"https:\/\/www.dekkenmachinery.com\/wp-content\/uploads\/2023\/02\/icon-hexa-2.png\"},{\"@type\":\"BreadcrumbList\",\"@id\":\"https:\/\/dekkenmachinery.com\/fr\/a-propos-de-nous\/#breadcrumb\",\"itemListElement\":[{\"@type\":\"ListItem\",\"position\":1,\"name\":\"Home\",\"item\":\"https:\/\/dekkenmachinery.com\/\"},{\"@type\":\"ListItem\",\"position\":2,\"name\":\"A propos de nous\"}]},{\"@type\":\"WebSite\",\"@id\":\"https:\/\/dekkenmachinery.com\/#website\",\"url\":\"https:\/\/dekkenmachinery.com\/\",\"name\":\"Dekken Machinery\",\"description\":\"\",\"potentialAction\":[{\"@type\":\"SearchAction\",\"target\":{\"@type\":\"EntryPoint\",\"urlTemplate\":\"https:\/\/dekkenmachinery.com\/?s={search_term_string}\"},\"query-input\":{\"@type\":\"PropertyValueSpecification\",\"valueRequired\":true,\"valueName\":\"search_term_string\"}}],\"inLanguage\":\"fr-FR\"}]}<\/script>\n<!-- \/ Yoast SEO plugin. -->","yoast_head_json":{"title":"A propos de nous - Dekken Machinery","robots":{"index":"index","follow":"follow","max-snippet":"max-snippet:-1","max-image-preview":"max-image-preview:large","max-video-preview":"max-video-preview:-1"},"canonical":"https:\/\/dekkenmachinery.com\/fr\/a-propos-de-nous\/","og_locale":"fr_FR","og_type":"article","og_title":"A propos de nous - Dekken Machinery","og_description":"Votre sp\u00e9cialiste des solutions de pliage pour l&rsquo;industrie textile Nous avons plus de 30 ans d&rsquo;exp\u00e9rience dans la conception et la fabrication d&rsquo;\u00e9quipements textiles. Cela nous permet de servir un large \u00e9ventail de clients dans une vari\u00e9t\u00e9 d&rsquo;industries. Nous concevons et fabriquons des \u00e9quipements d&#8217;emballage textile hautement sp\u00e9cialis\u00e9s \u00e0 des prix raisonnables sans compromis sur [&hellip;]","og_url":"https:\/\/dekkenmachinery.com\/fr\/a-propos-de-nous\/","og_site_name":"Dekken Machinery","article_modified_time":"2024-01-21T21:03:34+00:00","og_image":[{"url":"https:\/\/www.dekkenmachinery.com\/wp-content\/uploads\/2023\/02\/icon-hexa-2.png","type":"","width":"","height":""}],"twitter_card":"summary_large_image","twitter_misc":{"Dur\u00e9e de lecture estim\u00e9e":"1 minute"},"schema":{"@context":"https:\/\/schema.org","@graph":[{"@type":"WebPage","@id":"https:\/\/dekkenmachinery.com\/fr\/a-propos-de-nous\/","url":"https:\/\/dekkenmachinery.com\/fr\/a-propos-de-nous\/","name":"A propos de nous - Dekken Machinery","isPartOf":{"@id":"https:\/\/dekkenmachinery.com\/#website"},"primaryImageOfPage":{"@id":"https:\/\/dekkenmachinery.com\/fr\/a-propos-de-nous\/#primaryimage"},"image":{"@id":"https:\/\/dekkenmachinery.com\/fr\/a-propos-de-nous\/#primaryimage"},"thumbnailUrl":"https:\/\/www.dekkenmachinery.com\/wp-content\/uploads\/2023\/02\/icon-hexa-2.png","datePublished":"2023-02-23T20:19:58+00:00","dateModified":"2024-01-21T21:03:34+00:00","breadcrumb":{"@id":"https:\/\/dekkenmachinery.com\/fr\/a-propos-de-nous\/#breadcrumb"},"inLanguage":"fr-FR","potentialAction":[{"@type":"ReadAction","target":["https:\/\/dekkenmachinery.com\/fr\/a-propos-de-nous\/"]}]},{"@type":"ImageObject","inLanguage":"fr-FR","@id":"https:\/\/dekkenmachinery.com\/fr\/a-propos-de-nous\/#primaryimage","url":"https:\/\/www.dekkenmachinery.com\/wp-content\/uploads\/2023\/02\/icon-hexa-2.png","contentUrl":"https:\/\/www.dekkenmachinery.com\/wp-content\/uploads\/2023\/02\/icon-hexa-2.png"},{"@type":"BreadcrumbList","@id":"https:\/\/dekkenmachinery.com\/fr\/a-propos-de-nous\/#breadcrumb","itemListElement":[{"@type":"ListItem","position":1,"name":"Home","item":"https:\/\/dekkenmachinery.com\/"},{"@type":"ListItem","position":2,"name":"A propos de nous"}]},{"@type":"WebSite","@id":"https:\/\/dekkenmachinery.com\/#website","url":"https:\/\/dekkenmachinery.com\/","name":"Dekken Machinery","description":"","potentialAction":[{"@type":"SearchAction","target":{"@type":"EntryPoint","urlTemplate":"https:\/\/dekkenmachinery.com\/?s={search_term_string}"},"query-input":{"@type":"PropertyValueSpecification","valueRequired":true,"valueName":"search_term_string"}}],"inLanguage":"fr-FR"}]}},"_links":{"self":[{"href":"https:\/\/dekkenmachinery.com\/fr\/wp-json\/wp\/v2\/pages\/1962","targetHints":{"allow":["GET"]}}],"collection":[{"href":"https:\/\/dekkenmachinery.com\/fr\/wp-json\/wp\/v2\/pages"}],"about":[{"href":"https:\/\/dekkenmachinery.com\/fr\/wp-json\/wp\/v2\/types\/page"}],"author":[{"embeddable":true,"href":"https:\/\/dekkenmachinery.com\/fr\/wp-json\/wp\/v2\/users\/2"}],"replies":[{"embeddable":true,"href":"https:\/\/dekkenmachinery.com\/fr\/wp-json\/wp\/v2\/comments?post=1962"}],"version-history":[{"count":0,"href":"https:\/\/dekkenmachinery.com\/fr\/wp-json\/wp\/v2\/pages\/1962\/revisions"}],"wp:attachment":[{"href":"https:\/\/dekkenmachinery.com\/fr\/wp-json\/wp\/v2\/media?parent=1962"}],"curies":[{"name":"wp","href":"https:\/\/api.w.org\/{rel}","templated":true}]}}