{"id":5630,"date":"2024-01-18T16:11:24","date_gmt":"2024-01-18T16:11:24","guid":{"rendered":"https:\/\/www.dekkenmachinery.com\/pie-de-imprenta-2\/"},"modified":"2024-01-18T16:11:24","modified_gmt":"2024-01-18T16:11:24","slug":"pie-de-imprenta-2","status":"publish","type":"page","link":"https:\/\/dekkenmachinery.com\/es\/pie-de-imprenta-2\/","title":{"rendered":"Pie de imprenta"},"content":{"rendered":"\n<!-- Legal document generated by Complianz | GDPR\/CCPA Cookie Consent https:\/\/wordpress.org\/plugins\/complianz-gdpr -->\n<div id=\"cmplz-document\" class=\"cmplz-document impressum cmplz-document-all\"><p><i>Este aviso legal \/ imprint fue actualizado por \u00faltima vez el marzo 5, 2025.<\/i><\/p><p class=\"cmplz-subtitle\">El propietario de esta web es:<\/p><p>Dekken SRL SRL<br>Euregiostrasse 1, 4700 Eupen, Belgium<br>B\u00e9lgica<br>Correo electr\u00f3nico:&nbsp;i&#110;&#102;&#111;&#064;de&#107;&#107;e&#110;&#109;&#097;chine&#114;y&#046;co&#109;<br>N\u00famero de tel\u00e9fono: +32 483 00 79 79<br>CIF (N\u00famero de IVA):&nbsp;BE0832589305<\/p><p class=\"cmplz-subtitle\">El\/Los representante\/s legal\/es de Dekken SRL SRL:<\/p><p>Philippe Vasbinder<\/p><h2>1. General<\/h2><p class=\"cmplz-subtitle\">1.1 Estamos registrados en AWEX bajo el n\u00famero de licencia o registro:<\/p><p>BE0832589305<\/p><p class=\"cmplz-subtitle\">1.2 En nuestra web mostramos servicios o productos que requieren el registro en la siguiente asociaci\u00f3n profesional:<\/p><p>AWEX<\/p><p>No estamos dispuestos ni obligados a participar en procedimientos de resoluci\u00f3n de conflictos ante una junta de arbitraje de consumo.<\/p><h2>2. La siguiente informaci\u00f3n es obligatoria seg\u00fan la legislaci\u00f3n alemana.<\/h2><\/div>\n","protected":false},"excerpt":{"rendered":"","protected":false},"author":2,"featured_media":0,"parent":0,"menu_order":0,"comment_status":"closed","ping_status":"closed","template":"","meta":{"_acf_changed":false,"footnotes":""},"class_list":["post-5630","page","type-page","status-publish","hentry"],"acf":[],"yoast_head":"<!-- This site is optimized with the Yoast SEO plugin v24.6 - https:\/\/yoast.com\/wordpress\/plugins\/seo\/ -->\n<title>Pie de imprenta - Dekken Machinery<\/title>\n<meta name=\"robots\" content=\"index, follow, max-snippet:-1, max-image-preview:large, max-video-preview:-1\" \/>\n<link rel=\"canonical\" href=\"https:\/\/dekkenmachinery.com\/imprint-2\/\" \/>\n<meta property=\"og:locale\" content=\"es_ES\" \/>\n<meta property=\"og:type\" content=\"article\" \/>\n<meta property=\"og:title\" content=\"Pie de imprenta - Dekken Machinery\" \/>\n<meta property=\"og:url\" content=\"https:\/\/dekkenmachinery.com\/imprint-2\/\" \/>\n<meta property=\"og:site_name\" content=\"Dekken Machinery\" \/>\n<meta name=\"twitter:card\" content=\"summary_large_image\" \/>\n<script type=\"application\/ld+json\" class=\"yoast-schema-graph\">{\"@context\":\"https:\/\/schema.org\",\"@graph\":[{\"@type\":\"WebPage\",\"@id\":\"https:\/\/dekkenmachinery.com\/imprint-2\/\",\"url\":\"https:\/\/dekkenmachinery.com\/imprint-2\/\",\"name\":\"Pie de imprenta - Dekken Machinery\",\"isPartOf\":{\"@id\":\"https:\/\/dekkenmachinery.com\/#website\"},\"datePublished\":\"2024-01-18T16:11:24+00:00\",\"breadcrumb\":{\"@id\":\"https:\/\/dekkenmachinery.com\/imprint-2\/#breadcrumb\"},\"inLanguage\":\"es\",\"potentialAction\":[{\"@type\":\"ReadAction\",\"target\":[\"https:\/\/dekkenmachinery.com\/imprint-2\/\"]}]},{\"@type\":\"BreadcrumbList\",\"@id\":\"https:\/\/dekkenmachinery.com\/imprint-2\/#breadcrumb\",\"itemListElement\":[{\"@type\":\"ListItem\",\"position\":1,\"name\":\"Home\",\"item\":\"https:\/\/dekkenmachinery.com\/\"},{\"@type\":\"ListItem\",\"position\":2,\"name\":\"Pie de imprenta\"}]},{\"@type\":\"WebSite\",\"@id\":\"https:\/\/dekkenmachinery.com\/#website\",\"url\":\"https:\/\/dekkenmachinery.com\/\",\"name\":\"Dekken Machinery\",\"description\":\"\",\"potentialAction\":[{\"@type\":\"SearchAction\",\"target\":{\"@type\":\"EntryPoint\",\"urlTemplate\":\"https:\/\/dekkenmachinery.com\/?s={search_term_string}\"},\"query-input\":{\"@type\":\"PropertyValueSpecification\",\"valueRequired\":true,\"valueName\":\"search_term_string\"}}],\"inLanguage\":\"es\"}]}<\/script>\n<!-- \/ Yoast SEO plugin. -->","yoast_head_json":{"title":"Pie de imprenta - Dekken Machinery","robots":{"index":"index","follow":"follow","max-snippet":"max-snippet:-1","max-image-preview":"max-image-preview:large","max-video-preview":"max-video-preview:-1"},"canonical":"https:\/\/dekkenmachinery.com\/imprint-2\/","og_locale":"es_ES","og_type":"article","og_title":"Pie de imprenta - Dekken Machinery","og_url":"https:\/\/dekkenmachinery.com\/imprint-2\/","og_site_name":"Dekken Machinery","twitter_card":"summary_large_image","schema":{"@context":"https:\/\/schema.org","@graph":[{"@type":"WebPage","@id":"https:\/\/dekkenmachinery.com\/imprint-2\/","url":"https:\/\/dekkenmachinery.com\/imprint-2\/","name":"Pie de imprenta - Dekken Machinery","isPartOf":{"@id":"https:\/\/dekkenmachinery.com\/#website"},"datePublished":"2024-01-18T16:11:24+00:00","breadcrumb":{"@id":"https:\/\/dekkenmachinery.com\/imprint-2\/#breadcrumb"},"inLanguage":"es","potentialAction":[{"@type":"ReadAction","target":["https:\/\/dekkenmachinery.com\/imprint-2\/"]}]},{"@type":"BreadcrumbList","@id":"https:\/\/dekkenmachinery.com\/imprint-2\/#breadcrumb","itemListElement":[{"@type":"ListItem","position":1,"name":"Home","item":"https:\/\/dekkenmachinery.com\/"},{"@type":"ListItem","position":2,"name":"Pie de imprenta"}]},{"@type":"WebSite","@id":"https:\/\/dekkenmachinery.com\/#website","url":"https:\/\/dekkenmachinery.com\/","name":"Dekken Machinery","description":"","potentialAction":[{"@type":"SearchAction","target":{"@type":"EntryPoint","urlTemplate":"https:\/\/dekkenmachinery.com\/?s={search_term_string}"},"query-input":{"@type":"PropertyValueSpecification","valueRequired":true,"valueName":"search_term_string"}}],"inLanguage":"es"}]}},"_links":{"self":[{"href":"https:\/\/dekkenmachinery.com\/es\/wp-json\/wp\/v2\/pages\/5630","targetHints":{"allow":["GET"]}}],"collection":[{"href":"https:\/\/dekkenmachinery.com\/es\/wp-json\/wp\/v2\/pages"}],"about":[{"href":"https:\/\/dekkenmachinery.com\/es\/wp-json\/wp\/v2\/types\/page"}],"author":[{"embeddable":true,"href":"https:\/\/dekkenmachinery.com\/es\/wp-json\/wp\/v2\/users\/2"}],"replies":[{"embeddable":true,"href":"https:\/\/dekkenmachinery.com\/es\/wp-json\/wp\/v2\/comments?post=5630"}],"version-history":[{"count":0,"href":"https:\/\/dekkenmachinery.com\/es\/wp-json\/wp\/v2\/pages\/5630\/revisions"}],"wp:attachment":[{"href":"https:\/\/dekkenmachinery.com\/es\/wp-json\/wp\/v2\/media?parent=5630"}],"curies":[{"name":"wp","href":"https:\/\/api.w.org\/{rel}","templated":true}]}}